{"id":1367,"date":"2025-10-23T08:04:45","date_gmt":"2025-10-23T08:04:45","guid":{"rendered":"https:\/\/agse.pt\/?page_id=1367"},"modified":"2026-02-11T11:55:20","modified_gmt":"2026-02-11T11:55:20","slug":"homepage","status":"publish","type":"page","link":"https:\/\/agse.pt\/en\/","title":{"rendered":"Homepage"},"content":{"rendered":"<section id=\"block_8dfccfebbf4ddd144d940d90a0cedf3f\" class=\"content-block b-hero-slider\">\n\t\t\t\t\t\t\t<div class=\"swiper-container\">\n\t\t\t\t\t<ul class=\"swiper-wrapper\">\n\t\t\t\t\t\t\t\t\t\t\t\t\t\t\t\t\t\t\t\t<li class=\"swiper-slide --color-white\">\n\t\t\t\t\t\t\t\t<div class=\"media\">\n\t\t\t\t\t\t\t\t\t\t\t\t\t\t\t\t\t\t\t<div class=\"image\"><img loading=\"lazy\" decoding=\"async\" width=\"2560\" height=\"664\" src=\"https:\/\/agse.pt\/wp-content\/uploads\/2025\/10\/Banners-V2-02-scaled.png\" class=\"attachment-full size-full\" alt=\"Hero Banner AGSE\" srcset=\"https:\/\/agse.pt\/wp-content\/uploads\/2025\/10\/Banners-V2-02-scaled.png 2560w, https:\/\/agse.pt\/wp-content\/uploads\/2025\/10\/Banners-V2-02-300x78.png 300w, https:\/\/agse.pt\/wp-content\/uploads\/2025\/10\/Banners-V2-02-1024x266.png 1024w, https:\/\/agse.pt\/wp-content\/uploads\/2025\/10\/Banners-V2-02-768x199.png 768w, https:\/\/agse.pt\/wp-content\/uploads\/2025\/10\/Banners-V2-02-1536x398.png 1536w, https:\/\/agse.pt\/wp-content\/uploads\/2025\/10\/Banners-V2-02-2048x531.png 2048w, https:\/\/agse.pt\/wp-content\/uploads\/2025\/10\/Banners-V2-02-18x5.png 18w\" sizes=\"auto, (max-width: 2560px) 100vw, 2560px\" \/><\/div>\n\t\t\t\t\t\t\t\t\t\t\t\t\t\t\t\t\t<\/div>\n\t\t\t\t\t\t\t\t<div class=\"container\">\n\t\t\t\t\t\t\t\t\t<div class=\"info\">\n\t\t\t\t\t\t\t\t\t\t\t\t\t\t\t\t\t\t\t\t\t\t\t\t\t\t\t\t\t\t\t<h2 class=\"title\">Agency for the Management of the Education System<\/h2>\t\t\t\t\t\t\t\t\t\t\t\t\t\t\t\t\t\t\t\t\t\t\t\t\t\t\t\t\t\t\t<div class=\"c-description\"><p>It is the new organism responsible for managing the education system.<\/p>\n<\/div>\n\t\t\t\t\t\t\t\t\t\t\t\t\t\t\t\t\t\t\t\t\t\t\t\t\t\t\t\t\t\t\t<div class=\"btn-wrapper\">\n\t\t\t\t\t\t\t\t\t\t\t\t<a class=\"c-button --outlined --black\" href=\"https:\/\/agse.pt\/en\/sobre\/\" target=\"_self\">Learn more about AGSE<\/a>\t\t\t\t\t\t\t\t\t\t\t<\/div>\n\t\t\t\t\t\t\t\t\t\t\t\t\t\t\t\t\t\t\t<\/div>\n\t\t\t\t\t\t\t\t<\/div>\n\n\t\t\t\t\t\t\t<\/li>\n\t\t\t\t\t\t\t\t\t\t\t<\/ul>\n\t\t\t\t<\/div>\n\t\t\t\t\t\t\t\n\t\t<\/section>\n\t\n\n\n\t\t\t\t<section id=\"block_7fc4ce425a415931eb4b0fbc4b67ce50\" class=\"content-block b-cards-section --bg-white --color-black --row-4-items --cards-image\">\n\n\t\t\t<div class=\"c-section-intro --align-center\">\n\t<div class=\"container\">\n\t\t\t\t\t\t\t<h2 class=\"headline-1\">Previous Organisms<\/h2>\t\t\t\t\t\t\t<div class=\"text c-description\"><p>While the transition is underway, please consult the websites here:<\/p>\n<\/div>\t<\/div>\n<\/div>\n\n\t\t\t<div class=\"container\">\n\t\t\t\t\t\t\t\t\t\t\t\t\t\t\t\t\t\t\t\t\t\t\t\t\t\t<div class=\"cards-list --align-center\">\n\t\t\t\t\t\t\t\t\t\t\t\t\t\t\t<div id=\"originalText\" style=\"display: none;\">&lt;span data-no-translation&gt;SGEC&lt;\/span&gt;<\/div>\t<div class=\"c-card-image --has-button\">\n\t\t\t\t\t<div class=\"image\"><img loading=\"lazy\" decoding=\"async\" width=\"600\" height=\"396\" src=\"https:\/\/agse.pt\/wp-content\/uploads\/2025\/10\/SGEC-logo-600x396.jpg\" class=\"attachment-card-thumb size-card-thumb\" alt=\"Logo Secretaria-Geral da Educa\u00e7\u00e3o e Ci\u00eancia\" srcset=\"https:\/\/agse.pt\/wp-content\/uploads\/2025\/10\/SGEC-logo-600x396.jpg 600w, https:\/\/agse.pt\/wp-content\/uploads\/2025\/10\/SGEC-logo-300x199.jpg 300w, https:\/\/agse.pt\/wp-content\/uploads\/2025\/10\/SGEC-logo-18x12.jpg 18w\" sizes=\"auto, (max-width: 600px) 100vw, 600px\" \/><\/div>\t\t<div class=\"info\">\n\t\t\t\t\t\t<h3 class=\"title\"><span>SGEC<\/span><\/h3>\t\t\t\t\t\t\t\t\t\t<p class=\"aux-text\">Specialized technical support<\/p>\t\t\t\t\t\t\t\t\t\t\t<div class=\"btn-wrapper\">\n\t\t\t\t\t<a href=\"https:\/\/www.sec-geral.mec.pt\/\" target=\"_blank\" class=\"c-icon-button\" title=\"Go to SGEC\"><i class=\"icon-material\" aria-hidden=\"true\" data-icon=\"arrow_forward\"><\/i><\/a>\n\t\t\t\t<\/div>\n\t\t\t\t\t<\/div>\n\t<\/div>\n\t\t\t\t\t\t\t\t\t\t\t\t\t\t\t<div id=\"originalText\" style=\"display: none;\">&lt;span data-no-translation&gt;DGAE&lt;\/span&gt;<\/div>\t<div class=\"c-card-image --has-button\">\n\t\t\t\t\t<div class=\"image\"><img loading=\"lazy\" decoding=\"async\" width=\"600\" height=\"396\" src=\"https:\/\/agse.pt\/wp-content\/uploads\/2025\/10\/DGAE-logo-600x396.jpg\" class=\"attachment-card-thumb size-card-thumb\" alt=\"DGAE Logo\" srcset=\"https:\/\/agse.pt\/wp-content\/uploads\/2025\/10\/DGAE-logo-600x396.jpg 600w, https:\/\/agse.pt\/wp-content\/uploads\/2025\/10\/DGAE-logo-300x199.jpg 300w, https:\/\/agse.pt\/wp-content\/uploads\/2025\/10\/DGAE-logo-18x12.jpg 18w\" sizes=\"auto, (max-width: 600px) 100vw, 600px\" \/><\/div>\t\t<div class=\"info\">\n\t\t\t\t\t\t<h3 class=\"title\"><span>DGAE<\/span><\/h3>\t\t\t\t\t\t\t\t\t\t<p class=\"aux-text\">Teaching and non-teaching staff of schools and competitions<\/p>\t\t\t\t\t\t\t\t\t\t\t<div class=\"btn-wrapper\">\n\t\t\t\t\t<a href=\"https:\/\/www.dgae.medu.pt\/\" target=\"_blank\" class=\"c-icon-button\" title=\"Go to DGAE\"><i class=\"icon-material\" aria-hidden=\"true\" data-icon=\"arrow_forward\"><\/i><\/a>\n\t\t\t\t<\/div>\n\t\t\t\t\t<\/div>\n\t<\/div>\n\t\t\t\t\t\t\t\t\t\t\t\t\t\t\t<div id=\"originalText\" style=\"display: none;\">&lt;span data-no-translation&gt;DGEstE&lt;\/span&gt;<\/div>\t<div class=\"c-card-image --has-button\">\n\t\t\t\t\t<div class=\"image\"><img loading=\"lazy\" decoding=\"async\" width=\"600\" height=\"396\" src=\"https:\/\/agse.pt\/wp-content\/uploads\/2025\/10\/DGEstE-logo-600x396.jpg\" class=\"attachment-card-thumb size-card-thumb\" alt=\"Logo Dire\u00e7\u00e3o-Geral dos Estabelecimentos Escolares\" srcset=\"https:\/\/agse.pt\/wp-content\/uploads\/2025\/10\/DGEstE-logo-600x396.jpg 600w, https:\/\/agse.pt\/wp-content\/uploads\/2025\/10\/DGEstE-logo-300x199.jpg 300w, https:\/\/agse.pt\/wp-content\/uploads\/2025\/10\/DGEstE-logo-18x12.jpg 18w\" sizes=\"auto, (max-width: 600px) 100vw, 600px\" \/><\/div>\t\t<div class=\"info\">\n\t\t\t\t\t\t<h3 class=\"title\"><span>DGEstE<\/span><\/h3>\t\t\t\t\t\t\t\t\t\t<p class=\"aux-text\">Management and support for schools<\/p>\t\t\t\t\t\t\t\t\t\t\t<div class=\"btn-wrapper\">\n\t\t\t\t\t<a href=\"https:\/\/www.dgeste.mec.pt\/\" target=\"_blank\" class=\"c-icon-button\" title=\"Go to DGEstE\"><i class=\"icon-material\" aria-hidden=\"true\" data-icon=\"arrow_forward\"><\/i><\/a>\n\t\t\t\t<\/div>\n\t\t\t\t\t<\/div>\n\t<\/div>\n\t\t\t\t\t\t\t\t\t\t\t\t\t\t\t<div id=\"originalText\" style=\"display: none;\">&lt;span data-no-translation&gt;IGeFE, I. P.&lt;\/span&gt;<\/div>\t<div class=\"c-card-image --has-button\">\n\t\t\t\t\t<div class=\"image\"><img loading=\"lazy\" decoding=\"async\" width=\"600\" height=\"396\" src=\"https:\/\/agse.pt\/wp-content\/uploads\/2025\/10\/IGeFE-logo-600x396.jpg\" class=\"attachment-card-thumb size-card-thumb\" alt=\"IGeFE Logo\" srcset=\"https:\/\/agse.pt\/wp-content\/uploads\/2025\/10\/IGeFE-logo-600x396.jpg 600w, https:\/\/agse.pt\/wp-content\/uploads\/2025\/10\/IGeFE-logo-300x199.jpg 300w, https:\/\/agse.pt\/wp-content\/uploads\/2025\/10\/IGeFE-logo-18x12.jpg 18w\" sizes=\"auto, (max-width: 600px) 100vw, 600px\" \/><\/div>\t\t<div class=\"info\">\n\t\t\t\t\t\t<h3 class=\"title\"><span>IGeFE, IP.<\/span><\/h3>\t\t\t\t\t\t\t\t\t\t<p class=\"aux-text\">Financial Management<\/p>\t\t\t\t\t\t\t\t\t\t\t<div class=\"btn-wrapper\">\n\t\t\t\t\t<a href=\"https:\/\/www.igefe.mec.pt\/\" target=\"_blank\" class=\"c-icon-button\" title=\"Go to IGeFE, IP.\"><i class=\"icon-material\" aria-hidden=\"true\" data-icon=\"arrow_forward\"><\/i><\/a>\n\t\t\t\t<\/div>\n\t\t\t\t\t<\/div>\n\t<\/div>\n\t\t\t\t\t\t\t\t\t\t\t\t\t<\/div>\n\t\t\t\t\t\t\t\t\t\n\t\t\t\t\t\t\t<\/div>\n\n\t\t<\/section>\n\t\n\n\n\t\t\t\t<section id=\"block_868935fdf9af1b55f29a8f83cfabe643\" class=\"content-block b-image-text --bg-gray --img-right\">\n\n\t\t\t<div class=\"container\">\n\t\t\t\t\t\t\t\t\t<div class=\"image\"><img loading=\"lazy\" decoding=\"async\" width=\"768\" height=\"512\" src=\"https:\/\/agse.pt\/wp-content\/uploads\/2025\/11\/What-Changed.jpg\" class=\"attachment-full size-full\" alt=\"Gr\u00e1fico da transi\u00e7\u00e3o das quatro entidades para a AGSE\" srcset=\"https:\/\/agse.pt\/wp-content\/uploads\/2025\/11\/What-Changed.jpg 768w, https:\/\/agse.pt\/wp-content\/uploads\/2025\/11\/What-Changed-300x200.jpg 300w, https:\/\/agse.pt\/wp-content\/uploads\/2025\/11\/What-Changed-18x12.jpg 18w\" sizes=\"auto, (max-width: 768px) 100vw, 768px\" \/><\/div>\n\t\t\t\t\t\t\t\t<div class=\"info\">\n\t\t\t\t\t\t\t\t\t\t\t<span class=\"caption\">About<\/span>\n\t\t\t\t\t\t\t\t\t\t\t\t\t\t\t\t<h2 class=\"title\">What has changed?<\/h2>\t\t\t\t\t\t\t\t\t\t\t\t\t\t\t\t<div class=\"c-description\"><p>The creation of AGSE, IP results from the total or partial integration of SGEC, DGAE, DGEstE and IGeFE, IP. The Agency centralizes functions of technical, financial and management support for teaching and non-teaching staff.<\/p>\n<\/div>\n\t\t\t\t\t\t\t\t\t\t\t\t\t\t<\/div>\n\t\t\t<\/div>\n\n\t\t<\/section>\n\t\n\n\n\t\t\t\t<section id=\"block_0b31e66165812fbf2eab8fd7c2bbc9bc\" class=\"content-block b-cards-section --bg-white --color-black --row-2-items --cards-info\">\n\n\t\t\t<div class=\"c-section-intro --align-center\">\n\t<div class=\"container\">\n\t\t\t\t\t\t\t<h2 class=\"headline-1\">Documents and Legislation<\/h2>\t\t\t\t\t\t\t<div class=\"text c-description\"><p>Founding diplomas and essential documents<\/p>\n<\/div>\t<\/div>\n<\/div>\n\n\t\t\t<div class=\"container\">\n\t\t\t\t\t\t\t\t\t\t\t\t\t\t\t\t\t\t\t\t\t\t\t\t\t\t<div class=\"cards-list --align-left --bg-white --border-gray\">\n\t\t\t\t\t\t\t\t\t\t\t\t\t\t\t\t\t\t\t\t\t\t\t<div class=\"c-card-info --has-button\">\n\t\t<div class=\"info\">\n\t\t\t\t\t\t\t<div class=\"icon\"><i class=\"icon-material\" data-icon=\"docs\"><\/i><\/div>\t\t\t<h3 class=\"title\"><span>Decree-Law No. 99\/2025<\/span><\/h3>\t\t\t\t\t\t\t<div class=\"c-description\">\n\t\t\t\t\t<p>Creation of AGSE, IP.<\/p>\n\t\t\t\t<\/div>\n\t\t\t\t\t\t\t\t\t\t\t\t\t\t<div class=\"btn-wrapper\">\n\t\t\t\t\t<a href=\"https:\/\/diariodarepublica.pt\/dr\/detalhe\/decreto-lei\/99-2025-933527232\" target=\"_blank\" class=\"c-icon-button stretched-link\" title=\"Go to Decree-Law No. 99\/2025\"><i class=\"icon-material\" aria-hidden=\"true\" data-icon=\"arrow_forward\"><\/i><\/a>\n\t\t\t\t<\/div>\n\t\t\t\t\t<\/div>\n\t<\/div>\n\t\t\t\t\t\t\t\t\t\t\t\t\t\t\t\t\t\t\t\t\t\t\t\t<div class=\"c-card-info --has-button\">\n\t\t<div class=\"info\">\n\t\t\t\t\t\t\t<div class=\"icon\"><i class=\"icon-material\" data-icon=\"docs\"><\/i><\/div>\t\t\t<h3 class=\"title\"><span>Order No. 296-A\/2025<\/span><\/h3>\t\t\t\t\t\t\t<div class=\"c-description\">\n\t\t\t\t\t<p>Statutes of AGSE, IP.<\/p>\n\t\t\t\t<\/div>\n\t\t\t\t\t\t\t\t\t\t\t\t\t\t<div class=\"btn-wrapper\">\n\t\t\t\t\t<a href=\"https:\/\/diariodarepublica.pt\/dr\/detalhe\/portaria\/296-a-2025-934422119\" target=\"_self\" class=\"c-icon-button stretched-link\" title=\"Go to Ministerial Order No. 296-A\/2025\"><i class=\"icon-material\" aria-hidden=\"true\" data-icon=\"arrow_forward\"><\/i><\/a>\n\t\t\t\t<\/div>\n\t\t\t\t\t<\/div>\n\t<\/div>\n\t\t\t\t\t\t\t\t\t\t\t\t\t\t\t\t\t\t\t\t\t<\/div>\n\t\t\t\t\t\t\t\t\t\n\t\t\t\t\t\t\t\t\t<div class=\"btn-wrapper\"><a class=\"c-button --brand\" href=\"\/en\/documentos\/\" target=\"_self\">Consult all documents<\/a><\/div>\n\t\t\t\t\t\t\t<\/div>\n\n\t\t<\/section>","protected":false},"excerpt":{"rendered":"","protected":false},"author":2,"featured_media":0,"parent":0,"menu_order":0,"comment_status":"closed","ping_status":"closed","template":"","meta":{"_acf_changed":false,"footnotes":""},"class_list":["post-1367","page","type-page","status-publish","hentry"],"acf":[],"yoast_head":"<!-- This site is optimized with the Yoast SEO plugin v27.5 - https:\/\/yoast.com\/product\/yoast-seo-wordpress\/ -->\n<title>Homepage - AGSE<\/title>\n<meta name=\"robots\" content=\"index, follow, max-snippet:-1, max-image-preview:large, max-video-preview:-1\" \/>\n<link rel=\"canonical\" href=\"https:\/\/agse.pt\/en\/\" \/>\n<meta property=\"og:locale\" content=\"en_GB\" \/>\n<meta property=\"og:type\" content=\"article\" \/>\n<meta property=\"og:title\" content=\"Homepage - AGSE\" \/>\n<meta property=\"og:url\" content=\"https:\/\/agse.pt\/en\/\" \/>\n<meta property=\"og:site_name\" content=\"AGSE\" \/>\n<meta property=\"article:modified_time\" content=\"2026-02-11T11:55:20+00:00\" \/>\n<meta name=\"twitter:card\" content=\"summary_large_image\" \/>\n<script type=\"application\/ld+json\" class=\"yoast-schema-graph\">{\"@context\":\"https:\\\/\\\/schema.org\",\"@graph\":[{\"@type\":\"WebPage\",\"@id\":\"https:\\\/\\\/agse.pt\\\/\",\"url\":\"https:\\\/\\\/agse.pt\\\/\",\"name\":\"Homepage - AGSE\",\"isPartOf\":{\"@id\":\"https:\\\/\\\/site1.dev.fccn.pt\\\/#website\"},\"datePublished\":\"2025-10-23T08:04:45+00:00\",\"dateModified\":\"2026-02-11T11:55:20+00:00\",\"breadcrumb\":{\"@id\":\"https:\\\/\\\/agse.pt\\\/#breadcrumb\"},\"inLanguage\":\"en-GB\",\"potentialAction\":[{\"@type\":\"ReadAction\",\"target\":[\"https:\\\/\\\/agse.pt\\\/\"]}]},{\"@type\":\"BreadcrumbList\",\"@id\":\"https:\\\/\\\/agse.pt\\\/#breadcrumb\",\"itemListElement\":[{\"@type\":\"ListItem\",\"position\":1,\"name\":\"Home\",\"item\":\"https:\\\/\\\/agse.pt\\\/\"},{\"@type\":\"ListItem\",\"position\":2,\"name\":\"Homepage\"}]},{\"@type\":\"WebSite\",\"@id\":\"https:\\\/\\\/site1.dev.fccn.pt\\\/#website\",\"url\":\"https:\\\/\\\/site1.dev.fccn.pt\\\/\",\"name\":\"AGSE\",\"description\":\"Ag\u00eancia para a Gest\u00e3o do Sistema Educativo\",\"potentialAction\":[{\"@type\":\"SearchAction\",\"target\":{\"@type\":\"EntryPoint\",\"urlTemplate\":\"https:\\\/\\\/site1.dev.fccn.pt\\\/?s={search_term_string}\"},\"query-input\":{\"@type\":\"PropertyValueSpecification\",\"valueRequired\":true,\"valueName\":\"search_term_string\"}}],\"inLanguage\":\"en-GB\"}]}<\/script>\n<!-- \/ Yoast SEO plugin. -->","yoast_head_json":{"title":"Homepage - AGSE","robots":{"index":"index","follow":"follow","max-snippet":"max-snippet:-1","max-image-preview":"max-image-preview:large","max-video-preview":"max-video-preview:-1"},"canonical":"https:\/\/agse.pt\/en\/","og_locale":"en_GB","og_type":"article","og_title":"Homepage - AGSE","og_url":"https:\/\/agse.pt\/en\/","og_site_name":"AGSE","article_modified_time":"2026-02-11T11:55:20+00:00","twitter_card":"summary_large_image","schema":{"@context":"https:\/\/schema.org","@graph":[{"@type":"WebPage","@id":"https:\/\/agse.pt\/","url":"https:\/\/agse.pt\/","name":"Homepage - AGSE","isPartOf":{"@id":"https:\/\/site1.dev.fccn.pt\/#website"},"datePublished":"2025-10-23T08:04:45+00:00","dateModified":"2026-02-11T11:55:20+00:00","breadcrumb":{"@id":"https:\/\/agse.pt\/#breadcrumb"},"inLanguage":"en-GB","potentialAction":[{"@type":"ReadAction","target":["https:\/\/agse.pt\/"]}]},{"@type":"BreadcrumbList","@id":"https:\/\/agse.pt\/#breadcrumb","itemListElement":[{"@type":"ListItem","position":1,"name":"Home","item":"https:\/\/agse.pt\/"},{"@type":"ListItem","position":2,"name":"Homepage"}]},{"@type":"WebSite","@id":"https:\/\/site1.dev.fccn.pt\/#website","url":"https:\/\/site1.dev.fccn.pt\/","name":"AGSE","description":"Agency for the Management of the Education System","potentialAction":[{"@type":"SearchAction","target":{"@type":"EntryPoint","urlTemplate":"https:\/\/site1.dev.fccn.pt\/?s={search_term_string}"},"query-input":{"@type":"PropertyValueSpecification","valueRequired":true,"valueName":"search_term_string"}}],"inLanguage":"en-GB"}]}},"_links":{"self":[{"href":"https:\/\/agse.pt\/en\/wp-json\/wp\/v2\/pages\/1367","targetHints":{"allow":["GET"]}}],"collection":[{"href":"https:\/\/agse.pt\/en\/wp-json\/wp\/v2\/pages"}],"about":[{"href":"https:\/\/agse.pt\/en\/wp-json\/wp\/v2\/types\/page"}],"author":[{"embeddable":true,"href":"https:\/\/agse.pt\/en\/wp-json\/wp\/v2\/users\/2"}],"replies":[{"embeddable":true,"href":"https:\/\/agse.pt\/en\/wp-json\/wp\/v2\/comments?post=1367"}],"version-history":[{"count":86,"href":"https:\/\/agse.pt\/en\/wp-json\/wp\/v2\/pages\/1367\/revisions"}],"predecessor-version":[{"id":4215,"href":"https:\/\/agse.pt\/en\/wp-json\/wp\/v2\/pages\/1367\/revisions\/4215"}],"wp:attachment":[{"href":"https:\/\/agse.pt\/en\/wp-json\/wp\/v2\/media?parent=1367"}],"curies":[{"name":"wp","href":"https:\/\/api.w.org\/{rel}","templated":true}]}}