{"id":18,"date":"2025-10-13T11:55:28","date_gmt":"2025-10-13T11:55:28","guid":{"rendered":"https:\/\/agse.pt\/?page_id=18"},"modified":"2026-01-07T12:25:47","modified_gmt":"2026-01-07T12:25:47","slug":"organismos-anteriores","status":"publish","type":"page","link":"https:\/\/agse.pt\/en\/organismos-anteriores\/","title":{"rendered":"Previous Organisms"},"content":{"rendered":"<section id=\"block_1e071102dcff27d8008bf7d7b9e2ac47\" class=\"content-block b-hero-slider\">\n\t\t\t\t\t\t\t<div class=\"swiper-container\">\n\t\t\t\t\t<ul class=\"swiper-wrapper\">\n\t\t\t\t\t\t\t\t\t\t\t\t\t\t\t\t\t\t\t\t<li class=\"swiper-slide --color-white\">\n\t\t\t\t\t\t\t\t<div class=\"media\">\n\t\t\t\t\t\t\t\t\t\t\t\t\t\t\t\t\t\t\t<div class=\"image\"><img loading=\"lazy\" decoding=\"async\" width=\"2560\" height=\"889\" src=\"https:\/\/agse.pt\/wp-content\/uploads\/2025\/10\/Hero_Background-scaled.webp\" class=\"attachment-full size-full\" alt=\"Hero_Background\" srcset=\"https:\/\/agse.pt\/wp-content\/uploads\/2025\/10\/Hero_Background-scaled.webp 2560w, https:\/\/agse.pt\/wp-content\/uploads\/2025\/10\/Hero_Background-300x104.webp 300w, https:\/\/agse.pt\/wp-content\/uploads\/2025\/10\/Hero_Background-1024x356.webp 1024w, https:\/\/agse.pt\/wp-content\/uploads\/2025\/10\/Hero_Background-768x267.webp 768w, https:\/\/agse.pt\/wp-content\/uploads\/2025\/10\/Hero_Background-1536x533.webp 1536w, https:\/\/agse.pt\/wp-content\/uploads\/2025\/10\/Hero_Background-2048x711.webp 2048w, https:\/\/agse.pt\/wp-content\/uploads\/2025\/10\/Hero_Background-18x6.webp 18w\" sizes=\"auto, (max-width: 2560px) 100vw, 2560px\" \/><\/div>\n\t\t\t\t\t\t\t\t\t\t\t\t\t\t\t\t\t<\/div>\n\t\t\t\t\t\t\t\t<div class=\"container\">\n\t\t\t\t\t\t\t\t\t<div class=\"info\">\n\t\t\t\t\t\t\t\t\t\t\t\t\t\t\t\t\t\t\t\t\t\t\t\t\t\t\t\t\t\t\t<h1 class=\"title\">Previous Organisms<\/h1>\t\t\t\t\t\t\t\t\t\t\t\t\t\t\t\t\t\t\t\t\t\t\t\t\t\t\t\t\t\t\t<div class=\"c-description\"><p>The responsibilities, in whole or in part, of SGEC, DGAE, DGEstE, and IGeFE, IP are integrated into AGSE, IP.<\/p>\n<p>The content available on the websites of the aforementioned entities remains valid until the completion of their dissolution\/merger process.<\/p>\n<\/div>\n\t\t\t\t\t\t\t\t\t\t\t\t\t\t\t\t\t\t\t\t\t\t\t\t\t\t\t\t\t<\/div>\n\t\t\t\t\t\t\t\t<\/div>\n\n\t\t\t\t\t\t\t<\/li>\n\t\t\t\t\t\t\t\t\t\t\t<\/ul>\n\t\t\t\t<\/div>\n\t\t\t\t\t\t\t\n\t\t<\/section>\n\t\n\n\n\t\t\t\t<section id=\"block_bebd4c400b053b624c997348d2d161f6\" class=\"content-block b-image-text --bg-gray --img-right\">\n\n\t\t\t<div class=\"container\">\n\t\t\t\t\t\t\t\t\t<div class=\"image\"><img loading=\"lazy\" decoding=\"async\" width=\"760\" height=\"504\" src=\"https:\/\/agse.pt\/wp-content\/uploads\/2025\/10\/SGEC-logo.jpg\" class=\"attachment-full size-full\" alt=\"Logo Secretaria-Geral da Educa\u00e7\u00e3o e Ci\u00eancia\" srcset=\"https:\/\/agse.pt\/wp-content\/uploads\/2025\/10\/SGEC-logo.jpg 760w, https:\/\/agse.pt\/wp-content\/uploads\/2025\/10\/SGEC-logo-300x199.jpg 300w, https:\/\/agse.pt\/wp-content\/uploads\/2025\/10\/SGEC-logo-18x12.jpg 18w\" sizes=\"auto, (max-width: 760px) 100vw, 760px\" \/><\/div>\n\t\t\t\t\t\t\t\t<div class=\"info\">\n\t\t\t\t\t\t\t\t\t\t\t<span class=\"caption\">SGEC<\/span>\n\t\t\t\t\t\t\t\t\t\t\t\t\t\t\t\t<h2 class=\"title\">General Secretariat for Education and Science<\/h2>\t\t\t\t\t\t\t\t\t\t\t\t\t\t\t\t<div class=\"c-description\"><p>Provides technical and legal support in the areas of Education, Science and Innovation;<\/p>\n<p>Manage human resources;<\/p>\n<p>Prepares, monitors and manages the budgets of the offices of the members of the Government, the SGEC (General Secretariat for Economic Affairs) and the bodies and structures whose support is provided directly by the SGEC;<\/p>\n<p>It ensures the functions of the Ministerial Purchasing Unit and the Asset Management Unit;<\/p>\n<p>It preserves and values the historical heritage of education and science;<\/p>\n<p>It ensures information, communication and public relations activities, as well as planning and coordinating the implementation of measures aimed at promoting innovation and quality policy;<\/p>\n<p>Coordinates activities at the international level.<\/p>\n<\/div>\n\t\t\t\t\t\t\t\t\t\t\t\t\t\t\t\t<div class=\"btn-wrapper\">\n\t\t\t\t\t\t\t<a class=\"c-button --brand\" href=\"https:\/\/www.sec-geral.mec.pt\/\" target=\"_blank\">Access SGEC<\/a>\t\t\t\t\t\t\t\t\t\t\t\t\t<\/div>\n\t\t\t\t\t\t\t\t\t<\/div>\n\t\t\t<\/div>\n\n\t\t<\/section>\n\t\n\n\n\t\t\t\t<section id=\"block_e76d6069311c7e4289230e5c2c30dbe2\" class=\"content-block b-image-text --bg-white --img-left\">\n\n\t\t\t<div class=\"container\">\n\t\t\t\t\t\t\t\t\t<div class=\"image\"><img loading=\"lazy\" decoding=\"async\" width=\"760\" height=\"504\" src=\"https:\/\/agse.pt\/wp-content\/uploads\/2025\/10\/DGAE-logo_C.jpg\" class=\"attachment-full size-full\" alt=\"Logo Dire\u00e7\u00e3o-Geral Administra\u00e7\u00e3o Escolar\" srcset=\"https:\/\/agse.pt\/wp-content\/uploads\/2025\/10\/DGAE-logo_C.jpg 760w, https:\/\/agse.pt\/wp-content\/uploads\/2025\/10\/DGAE-logo_C-300x199.jpg 300w, https:\/\/agse.pt\/wp-content\/uploads\/2025\/10\/DGAE-logo_C-18x12.jpg 18w\" sizes=\"auto, (max-width: 760px) 100vw, 760px\" \/><\/div>\n\t\t\t\t\t\t\t\t<div class=\"info\">\n\t\t\t\t\t\t\t\t\t\t\t<span class=\"caption\">DGAE<\/span>\n\t\t\t\t\t\t\t\t\t\t\t\t\t\t\t\t<h2 class=\"title\">General Directorate of School Administration<\/h2>\t\t\t\t\t\t\t\t\t\t\t\t\t\t\t\t<div class=\"c-description\"><p>It ensures the implementation of strategic management and human resources development policies for Education within public educational structures located in the continental national territory, without prejudice to the powers attributed to local authorities and school management and administration bodies, as well as national educational structures located abroad, aiming at the promotion of the Portuguese language and culture, and monitors and decides on matters related to professional qualifications and the exercise of teaching functions in private, cooperative and solidarity-based educational establishments.<\/p>\n<\/div>\n\t\t\t\t\t\t\t\t\t\t\t\t\t\t\t\t<div class=\"btn-wrapper\">\n\t\t\t\t\t\t\t<a class=\"c-button --brand\" href=\"https:\/\/www.dgae.medu.pt\/\" target=\"_blank\">Access DGAE<\/a>\t\t\t\t\t\t\t\t\t\t\t\t\t<\/div>\n\t\t\t\t\t\t\t\t\t<\/div>\n\t\t\t<\/div>\n\n\t\t<\/section>\n\t\n\n\n\t\t\t\t<section id=\"block_208b2268edfde8f38d0360be9d6e1392\" class=\"content-block b-image-text --bg-gray --img-right\">\n\n\t\t\t<div class=\"container\">\n\t\t\t\t\t\t\t\t\t<div class=\"image\"><img loading=\"lazy\" decoding=\"async\" width=\"760\" height=\"504\" src=\"https:\/\/agse.pt\/wp-content\/uploads\/2025\/10\/DGEstE-logo.jpg\" class=\"attachment-full size-full\" alt=\"Logo Dire\u00e7\u00e3o-Geral dos Estabelecimentos Escolares\" srcset=\"https:\/\/agse.pt\/wp-content\/uploads\/2025\/10\/DGEstE-logo.jpg 760w, https:\/\/agse.pt\/wp-content\/uploads\/2025\/10\/DGEstE-logo-300x199.jpg 300w, https:\/\/agse.pt\/wp-content\/uploads\/2025\/10\/DGEstE-logo-18x12.jpg 18w\" sizes=\"auto, (max-width: 760px) 100vw, 760px\" \/><\/div>\n\t\t\t\t\t\t\t\t<div class=\"info\">\n\t\t\t\t\t\t\t\t\t\t\t<span class=\"caption\">DGEstE<\/span>\n\t\t\t\t\t\t\t\t\t\t\t\t\t\t\t\t<h2 class=\"title\">General Directorate of School Establishments<\/h2>\t\t\t\t\t\t\t\t\t\t\t\t\t\t\t\t<div class=\"c-description\"><p>It promotes the monitoring of school clusters and non-clustered schools in the development of their autonomy, as well as ensuring the regional implementation of administrative measures and the exercise of peripheral competences related to the attributions of the Ministry of Education, Science, Technology and Innovation (MECI), promoting their harmonization and standardization of procedures;<\/p>\n<p>Designs, organizes, and implements measures for risk prevention, security, and violence control in schools.<\/p>\n<\/div>\n\t\t\t\t\t\t\t\t\t\t\t\t\t\t\t\t<div class=\"btn-wrapper\">\n\t\t\t\t\t\t\t<a class=\"c-button --brand\" href=\"https:\/\/www.gov.pt\/entidades\/direcao-geral-dos-estabelecimentos-escolares\" target=\"_self\">Access DGEstE<\/a>\t\t\t\t\t\t\t\t\t\t\t\t\t<\/div>\n\t\t\t\t\t\t\t\t\t<\/div>\n\t\t\t<\/div>\n\n\t\t<\/section>\n\t\n\n\n\t\t\t\t<section id=\"block_dad3931fe74d5608bf193eae51bcac29\" class=\"content-block b-image-text --bg-white --img-left\">\n\n\t\t\t<div class=\"container\">\n\t\t\t\t\t\t\t\t\t<div class=\"image\"><img loading=\"lazy\" decoding=\"async\" width=\"760\" height=\"504\" src=\"https:\/\/agse.pt\/wp-content\/uploads\/2025\/10\/IGeFE-logo_C.jpg\" class=\"attachment-full size-full\" alt=\"Logo Instituto de Gest\u00e3o Financeira da Educa\u00e7\u00e3o\" srcset=\"https:\/\/agse.pt\/wp-content\/uploads\/2025\/10\/IGeFE-logo_C.jpg 760w, https:\/\/agse.pt\/wp-content\/uploads\/2025\/10\/IGeFE-logo_C-300x199.jpg 300w, https:\/\/agse.pt\/wp-content\/uploads\/2025\/10\/IGeFE-logo_C-18x12.jpg 18w\" sizes=\"auto, (max-width: 760px) 100vw, 760px\" \/><\/div>\n\t\t\t\t\t\t\t\t<div class=\"info\">\n\t\t\t\t\t\t\t\t\t\t\t<span class=\"caption\">IGeFE, IP.<\/span>\n\t\t\t\t\t\t\t\t\t\t\t\t\t\t\t\t<h2 class=\"title\">Institute for Financial Management of Education, IP.<\/h2>\t\t\t\t\t\t\t\t\t\t\t\t\t\t\t\t<div class=\"c-description\"><p>It ensures the programming, financial management, and strategic and operational planning of the MECI;<\/p>\n<p>It manages the respective budget programs, as well as the overall evaluation of the implementation of policies and the results obtained by the education system, and the creation and proper functioning of the Integrated Education Information System (SIIE), in coordination with the other services and bodies of the aforementioned government areas.<\/p>\n<\/div>\n\t\t\t\t\t\t\t\t\t\t\t\t\t\t\t\t<div class=\"btn-wrapper\">\n\t\t\t\t\t\t\t<a class=\"c-button --brand\" href=\"https:\/\/www.igefe.mec.pt\/\" target=\"_blank\">Access IGeFE<\/a>\t\t\t\t\t\t\t\t\t\t\t\t\t<\/div>\n\t\t\t\t\t\t\t\t\t<\/div>\n\t\t\t<\/div>\n\n\t\t<\/section>","protected":false},"excerpt":{"rendered":"","protected":false},"author":2,"featured_media":0,"parent":0,"menu_order":0,"comment_status":"closed","ping_status":"closed","template":"","meta":{"_acf_changed":false,"footnotes":""},"class_list":["post-18","page","type-page","status-publish","hentry"],"acf":[],"yoast_head":"<!-- This site is optimized with the Yoast SEO plugin v27.5 - https:\/\/yoast.com\/product\/yoast-seo-wordpress\/ -->\n<title>Organismos Anteriores - AGSE<\/title>\n<meta name=\"robots\" content=\"index, follow, max-snippet:-1, max-image-preview:large, max-video-preview:-1\" \/>\n<link rel=\"canonical\" href=\"https:\/\/agse.pt\/en\/organismos-anteriores\/\" \/>\n<meta property=\"og:locale\" content=\"en_GB\" \/>\n<meta property=\"og:type\" content=\"article\" \/>\n<meta property=\"og:title\" content=\"Organismos Anteriores - AGSE\" \/>\n<meta property=\"og:url\" content=\"https:\/\/agse.pt\/en\/organismos-anteriores\/\" \/>\n<meta property=\"og:site_name\" content=\"AGSE\" \/>\n<meta property=\"article:modified_time\" content=\"2026-01-07T12:25:47+00:00\" \/>\n<meta name=\"twitter:card\" content=\"summary_large_image\" \/>\n<script type=\"application\/ld+json\" class=\"yoast-schema-graph\">{\"@context\":\"https:\\\/\\\/schema.org\",\"@graph\":[{\"@type\":\"WebPage\",\"@id\":\"https:\\\/\\\/agse.pt\\\/organismos-anteriores\\\/\",\"url\":\"https:\\\/\\\/agse.pt\\\/organismos-anteriores\\\/\",\"name\":\"Organismos Anteriores - AGSE\",\"isPartOf\":{\"@id\":\"https:\\\/\\\/site1.dev.fccn.pt\\\/#website\"},\"datePublished\":\"2025-10-13T11:55:28+00:00\",\"dateModified\":\"2026-01-07T12:25:47+00:00\",\"breadcrumb\":{\"@id\":\"https:\\\/\\\/agse.pt\\\/organismos-anteriores\\\/#breadcrumb\"},\"inLanguage\":\"en-GB\",\"potentialAction\":[{\"@type\":\"ReadAction\",\"target\":[\"https:\\\/\\\/agse.pt\\\/organismos-anteriores\\\/\"]}]},{\"@type\":\"BreadcrumbList\",\"@id\":\"https:\\\/\\\/agse.pt\\\/organismos-anteriores\\\/#breadcrumb\",\"itemListElement\":[{\"@type\":\"ListItem\",\"position\":1,\"name\":\"Home\",\"item\":\"https:\\\/\\\/agse.pt\\\/\"},{\"@type\":\"ListItem\",\"position\":2,\"name\":\"Organismos Anteriores\"}]},{\"@type\":\"WebSite\",\"@id\":\"https:\\\/\\\/site1.dev.fccn.pt\\\/#website\",\"url\":\"https:\\\/\\\/site1.dev.fccn.pt\\\/\",\"name\":\"AGSE\",\"description\":\"Ag\u00eancia para a Gest\u00e3o do Sistema Educativo\",\"potentialAction\":[{\"@type\":\"SearchAction\",\"target\":{\"@type\":\"EntryPoint\",\"urlTemplate\":\"https:\\\/\\\/site1.dev.fccn.pt\\\/?s={search_term_string}\"},\"query-input\":{\"@type\":\"PropertyValueSpecification\",\"valueRequired\":true,\"valueName\":\"search_term_string\"}}],\"inLanguage\":\"en-GB\"}]}<\/script>\n<!-- \/ Yoast SEO plugin. -->","yoast_head_json":{"title":"Previous Organizations - AGSE","robots":{"index":"index","follow":"follow","max-snippet":"max-snippet:-1","max-image-preview":"max-image-preview:large","max-video-preview":"max-video-preview:-1"},"canonical":"https:\/\/agse.pt\/en\/organismos-anteriores\/","og_locale":"en_GB","og_type":"article","og_title":"Organismos Anteriores - AGSE","og_url":"https:\/\/agse.pt\/en\/organismos-anteriores\/","og_site_name":"AGSE","article_modified_time":"2026-01-07T12:25:47+00:00","twitter_card":"summary_large_image","schema":{"@context":"https:\/\/schema.org","@graph":[{"@type":"WebPage","@id":"https:\/\/agse.pt\/organismos-anteriores\/","url":"https:\/\/agse.pt\/organismos-anteriores\/","name":"Previous Organizations - AGSE","isPartOf":{"@id":"https:\/\/site1.dev.fccn.pt\/#website"},"datePublished":"2025-10-13T11:55:28+00:00","dateModified":"2026-01-07T12:25:47+00:00","breadcrumb":{"@id":"https:\/\/agse.pt\/organismos-anteriores\/#breadcrumb"},"inLanguage":"en-GB","potentialAction":[{"@type":"ReadAction","target":["https:\/\/agse.pt\/organismos-anteriores\/"]}]},{"@type":"BreadcrumbList","@id":"https:\/\/agse.pt\/organismos-anteriores\/#breadcrumb","itemListElement":[{"@type":"ListItem","position":1,"name":"Home","item":"https:\/\/agse.pt\/"},{"@type":"ListItem","position":2,"name":"Organismos Anteriores"}]},{"@type":"WebSite","@id":"https:\/\/site1.dev.fccn.pt\/#website","url":"https:\/\/site1.dev.fccn.pt\/","name":"AGSE","description":"Agency for the Management of the Education System","potentialAction":[{"@type":"SearchAction","target":{"@type":"EntryPoint","urlTemplate":"https:\/\/site1.dev.fccn.pt\/?s={search_term_string}"},"query-input":{"@type":"PropertyValueSpecification","valueRequired":true,"valueName":"search_term_string"}}],"inLanguage":"en-GB"}]}},"_links":{"self":[{"href":"https:\/\/agse.pt\/en\/wp-json\/wp\/v2\/pages\/18","targetHints":{"allow":["GET"]}}],"collection":[{"href":"https:\/\/agse.pt\/en\/wp-json\/wp\/v2\/pages"}],"about":[{"href":"https:\/\/agse.pt\/en\/wp-json\/wp\/v2\/types\/page"}],"author":[{"embeddable":true,"href":"https:\/\/agse.pt\/en\/wp-json\/wp\/v2\/users\/2"}],"replies":[{"embeddable":true,"href":"https:\/\/agse.pt\/en\/wp-json\/wp\/v2\/comments?post=18"}],"version-history":[{"count":29,"href":"https:\/\/agse.pt\/en\/wp-json\/wp\/v2\/pages\/18\/revisions"}],"predecessor-version":[{"id":1949,"href":"https:\/\/agse.pt\/en\/wp-json\/wp\/v2\/pages\/18\/revisions\/1949"}],"wp:attachment":[{"href":"https:\/\/agse.pt\/en\/wp-json\/wp\/v2\/media?parent=18"}],"curies":[{"name":"wp","href":"https:\/\/api.w.org\/{rel}","templated":true}]}}