{"id":1992,"date":"2026-01-28T15:04:37","date_gmt":"2026-01-28T15:04:37","guid":{"rendered":"https:\/\/agse.pt\/?page_id=1992"},"modified":"2026-03-16T18:06:51","modified_gmt":"2026-03-16T18:06:51","slug":"secretaria-geral-da-educacao-e-ciencia","status":"publish","type":"page","link":"https:\/\/agse.pt\/en\/secretaria-geral-da-educacao-e-ciencia\/","title":{"rendered":"General Secretariat for Education and Science"},"content":{"rendered":"<section id=\"block_e562268d9b0df6d1a6f1e7d023b0472a\" class=\"content-block b-page-header --align-left --bg-gray --color-black\">\n\t\t\t\t\t\t<div class=\"container\">\n\t\t\t\t<div class=\"info\">\n\t\t\t\t\t\t\t\t\t\t\t\t\t\t\t\t<h1 class=\"title\">Legal notices SGEC<\/h1>\t\t\t\t\t\t\t\t\t\t\t\t\t\t\t\t<div class=\"c-description\"><p>This page compiles legal announcements from the General Secretariat for Education and Science, available on the AGSE website.<\/p>\n<\/div>\n\t\t\t\t\t\t\t\t\t\t\t\t\t\t<\/div>\n\t\t\t\t\t\t\t<\/div>\n\n\t\t<\/section>\n\t\n\n\n\t\t\n\n\n\t\t\t\t<section id=\"block_c6ad67efa9c904b975f3024ee61323f1\" class=\"content-block b-cards-section --bg-white --color-black --row-2-items --cards-info\">\n\n\t\t\t<div class=\"c-section-intro --align-center\">\n\t<div class=\"container\">\n\t\t\t\t\t\t\t<h2 class=\"headline-1\">Process for the extinction of the General Secretariat of Education and Science.<\/h2>\t\t\t\t\t\t\t<div class=\"text c-description\"><p>Within the scope of the process initiated by <strong>Decree-Law No. 43-B\/2024, of July 2<\/strong>, The reform, which constituted the first step in the organization of the public sector and the reorganization of the direct administration of the State, based on the aggregation of services dispersed across various entities and the development of existing centers of expertise, was approved. <strong>Decree-Law No. 100\/2025, of September 5<\/strong>, which initiated the process of phasing out <strong>General Secretariat for Education and Science (SGEC)<\/strong>.<\/p>\n<p>This process has now reached its conclusion with the publication of <strong>definitive list of employees of the General Secretariat for Education and Science<\/strong>, to be reallocated to the integrating entities and services identified in paragraph 2 of article 2 of the aforementioned legal instrument, in accordance with <strong>Order No. 987-A\/2026, of January 28<\/strong>, as well as with the publication of <strong>Order No. 919-B\/2026, of January 27<\/strong>, which determines the extinction of the General Secretariat of Education and Science, with effects from <strong>March 1, 2026<\/strong>.<\/p>\n<\/div>\t<\/div>\n<\/div>\n\n\t\t\t<div class=\"container\">\n\t\t\t\t\t\t\t\t\t\t\t\t\t\t\t\t\t\t\t\t\t\t\t\t\t\t<div class=\"cards-list --align-left --bg-white --border-gray\">\n\t\t\t\t\t\t\t\t\t\t\t\t\t\t\t\t\t\t\t\t\t\t\t<div class=\"c-card-info --has-button\">\n\t\t<div class=\"info\">\n\t\t\t\t\t\t\t<div class=\"icon\"><i class=\"icon-material\" data-icon=\"\"><\/i><\/div>\t\t\t<h3 class=\"title\"><span>Order No. 919-B\/2026<\/span><\/h3>\t\t\t\t\t\t\t<div class=\"c-description\">\n\t\t\t\t\t<p><b><span>Education, Science and Innovation \u2013 Office of the Minister of Education, Science and Innovation<\/span><\/b><\/p>\n<p>It abolishes the General Secretariat for Education and Science.<\/p>\n\t\t\t\t<\/div>\n\t\t\t\t\t\t\t\t\t\t\t\t\t\t<div class=\"btn-wrapper\">\n\t\t\t\t\t<a href=\"https:\/\/files.diariodarepublica.pt\/2s\/2026\/01\/018000001\/0000300003.pdf\" target=\"_blank\" class=\"c-icon-button stretched-link\" title=\"Go to Dispatch No. 919-B\/2026\"><i class=\"icon-material\" aria-hidden=\"true\" data-icon=\"arrow_forward\"><\/i><\/a>\n\t\t\t\t<\/div>\n\t\t\t\t\t<\/div>\n\t<\/div>\n\t\t\t\t\t\t\t\t\t\t\t\t\t\t\t\t\t\t\t\t\t\t\t\t<div class=\"c-card-info --has-button\">\n\t\t<div class=\"info\">\n\t\t\t\t\t\t\t<div class=\"icon\"><i class=\"icon-material\" data-icon=\"\"><\/i><\/div>\t\t\t<h3 class=\"title\"><span>Order No. 987-A\/2026<\/span><\/h3>\t\t\t\t\t\t\t<div class=\"c-description\">\n\t\t\t\t\t<p><b><span>Presidency of the Council of Ministers, Finance, Economy and Territorial Cohesion, and Education, Science and Innovation.<\/span><\/b><\/p>\n<p>Nominal list from the General Secretariat of Education and Science.<\/p>\n\t\t\t\t<\/div>\n\t\t\t\t\t\t\t\t\t\t\t\t\t\t<div class=\"btn-wrapper\">\n\t\t\t\t\t<a href=\"https:\/\/files.diariodarepublica.pt\/2s\/2026\/01\/019000001\/0000200018.pdf\" target=\"_blank\" class=\"c-icon-button stretched-link\" title=\"Go to Dispatch No. 987-A\/2026\"><i class=\"icon-material\" aria-hidden=\"true\" data-icon=\"arrow_forward\"><\/i><\/a>\n\t\t\t\t<\/div>\n\t\t\t\t\t<\/div>\n\t<\/div>\n\t\t\t\t\t\t\t\t\t\t\t\t\t\t\t\t\t\t\t\t\t<\/div>\n\t\t\t\t\t\t\t\t\t\n\t\t\t\t\t\t\t<\/div>\n\n\t\t<\/section>\n\t\n\n\n\t\t\t\t<section id=\"block_1a8e8485091398d78420fffe5211820d\" class=\"content-block b-cards-section --bg-white --color-black --row-3-items --cards-info\">\n\n\t\t\t<div class=\"c-section-intro --align-center\">\n\t<div class=\"container\">\n\t\t\t\t\t<span class=\"caption\">DSGRF<\/span>\t\t\t\t\t<h2 class=\"headline-1\">Declarations foreseen in article 15 of the LCPA.<\/h2>\t\t\t\t\t\t\t<div class=\"text c-description\"><p>For the purposes set out in Article 15 of the LCPA, the multi-year commitments, payments and receipts in arrears, existing as of 31\/12\/2025, are hereby published.<\/p>\n<p>Legal deadline: until <strong>31\/01\/2026<\/strong><\/p>\n<\/div>\t<\/div>\n<\/div>\n\n\t\t\t<div class=\"container\">\n\t\t\t\t\t\t\t\t\t\t\t\t\t\t\t\t\t\t\t\t\t\t\t\t\t\t<div class=\"cards-list --align-left --bg-white --border-gray\">\n\t\t\t\t\t\t\t\t\t\t\t\t\t\t\t\t\t\t\t\t\t\t\t<div class=\"c-card-info --has-button\">\n\t\t<div class=\"info\">\n\t\t\t\t\t\t\t<div class=\"icon\"><i class=\"icon-material\" data-icon=\"docs\"><\/i><\/div>\t\t\t<h3 class=\"title\"><span>General Secretariat for Education and Science<\/span><\/h3>\t\t\t\t\t\t\t<div class=\"c-description\">\n\t\t\t\t\t<p>Multiannual commitments (PDF)<\/p>\n\t\t\t\t<\/div>\n\t\t\t\t\t\t\t\t\t\t\t\t\t\t<div class=\"btn-wrapper\">\n\t\t\t\t\t<a href=\"https:\/\/agse.pt\/wp-content\/uploads\/2026\/01\/Declaracao-de-compromissos-plurianuais-existentes-em-31122025_SGEC.pdf\" target=\"_blank\" class=\"c-icon-button stretched-link\" title=\"Go to General Secretariat for Education and Science\"><i class=\"icon-material\" aria-hidden=\"true\" data-icon=\"arrow_forward\"><\/i><\/a>\n\t\t\t\t<\/div>\n\t\t\t\t\t<\/div>\n\t<\/div>\n\t\t\t\t\t\t\t\t\t\t\t\t\t\t\t\t\t\t\t\t\t\t\t\t<div class=\"c-card-info --has-button\">\n\t\t<div class=\"info\">\n\t\t\t\t\t\t\t<div class=\"icon\"><i class=\"icon-material\" data-icon=\"docs\"><\/i><\/div>\t\t\t<h3 class=\"title\"><span>General Secretariat for Education and Science<\/span><\/h3>\t\t\t\t\t\t\t<div class=\"c-description\">\n\t\t\t\t\t<p>Overdue payments (PDF)<\/p>\n\t\t\t\t<\/div>\n\t\t\t\t\t\t\t\t\t\t\t\t\t\t<div class=\"btn-wrapper\">\n\t\t\t\t\t<a href=\"https:\/\/agse.pt\/wp-content\/uploads\/2026\/01\/Declaracao-de-pagamentos-em-atraso-existentes-em-31122025_SGEC.pdf\" target=\"_blank\" class=\"c-icon-button stretched-link\" title=\"Go to General Secretariat for Education and Science\"><i class=\"icon-material\" aria-hidden=\"true\" data-icon=\"arrow_forward\"><\/i><\/a>\n\t\t\t\t<\/div>\n\t\t\t\t\t<\/div>\n\t<\/div>\n\t\t\t\t\t\t\t\t\t\t\t\t\t\t\t\t\t\t\t\t\t\t\t\t<div class=\"c-card-info --has-button\">\n\t\t<div class=\"info\">\n\t\t\t\t\t\t\t<div class=\"icon\"><i class=\"icon-material\" data-icon=\"docs\"><\/i><\/div>\t\t\t<h3 class=\"title\"><span>General Secretariat for Education and Science<\/span><\/h3>\t\t\t\t\t\t\t<div class=\"c-description\">\n\t\t\t\t\t<p>Overdue payments (PDF)<\/p>\n\t\t\t\t<\/div>\n\t\t\t\t\t\t\t\t\t\t\t\t\t\t<div class=\"btn-wrapper\">\n\t\t\t\t\t<a href=\"https:\/\/agse.pt\/wp-content\/uploads\/2026\/01\/Declaracao-de-recebimentos-em-atraso-existentes-em-31122025_SGEC.pdf\" target=\"_blank\" class=\"c-icon-button stretched-link\" title=\"Go to General Secretariat for Education and Science\"><i class=\"icon-material\" aria-hidden=\"true\" data-icon=\"arrow_forward\"><\/i><\/a>\n\t\t\t\t<\/div>\n\t\t\t\t\t<\/div>\n\t<\/div>\n\t\t\t\t\t\t\t\t\t\t\t\t\t\t\t\t\t\t\t\t\t\t\t\t<div class=\"c-card-info --has-button\">\n\t\t<div class=\"info\">\n\t\t\t\t\t\t\t<div class=\"icon\"><i class=\"icon-material\" data-icon=\"docs\"><\/i><\/div>\t\t\t<h3 class=\"title\"><span>Governmental Action on Education, Science and Innovation<\/span><\/h3>\t\t\t\t\t\t\t<div class=\"c-description\">\n\t\t\t\t\t<p>Multiannual commitments (PDF)<\/p>\n\t\t\t\t<\/div>\n\t\t\t\t\t\t\t\t\t\t\t\t\t\t<div class=\"btn-wrapper\">\n\t\t\t\t\t<a href=\"https:\/\/agse.pt\/wp-content\/uploads\/2026\/01\/Declaracao-de-compromissos-plurianuais-existentes-em-31122025_AGECI.pdf\" target=\"_blank\" class=\"c-icon-button stretched-link\" title=\"Go to Government Action on Education, Science and Innovation\"><i class=\"icon-material\" aria-hidden=\"true\" data-icon=\"arrow_forward\"><\/i><\/a>\n\t\t\t\t<\/div>\n\t\t\t\t\t<\/div>\n\t<\/div>\n\t\t\t\t\t\t\t\t\t\t\t\t\t\t\t\t\t\t\t\t\t\t\t\t<div class=\"c-card-info --has-button\">\n\t\t<div class=\"info\">\n\t\t\t\t\t\t\t<div class=\"icon\"><i class=\"icon-material\" data-icon=\"docs\"><\/i><\/div>\t\t\t<h3 class=\"title\"><span>Governmental Action on Education, Science and Innovation<\/span><\/h3>\t\t\t\t\t\t\t<div class=\"c-description\">\n\t\t\t\t\t<p>Overdue payments (PDF)<\/p>\n\t\t\t\t<\/div>\n\t\t\t\t\t\t\t\t\t\t\t\t\t\t<div class=\"btn-wrapper\">\n\t\t\t\t\t<a href=\"https:\/\/agse.pt\/wp-content\/uploads\/2026\/01\/Declaracao-de-pagamentos-em-atraso-existentes-em-31122025_AGECI.pdf\" target=\"_blank\" class=\"c-icon-button stretched-link\" title=\"Go to Government Action on Education, Science and Innovation\"><i class=\"icon-material\" aria-hidden=\"true\" data-icon=\"arrow_forward\"><\/i><\/a>\n\t\t\t\t<\/div>\n\t\t\t\t\t<\/div>\n\t<\/div>\n\t\t\t\t\t\t\t\t\t\t\t\t\t\t\t\t\t\t\t\t\t\t\t\t<div class=\"c-card-info --has-button\">\n\t\t<div class=\"info\">\n\t\t\t\t\t\t\t<div class=\"icon\"><i class=\"icon-material\" data-icon=\"docs\"><\/i><\/div>\t\t\t<h3 class=\"title\"><span>Governmental Action on Education, Science and Innovation<\/span><\/h3>\t\t\t\t\t\t\t<div class=\"c-description\">\n\t\t\t\t\t<p>Overdue payments (PDF)<\/p>\n\t\t\t\t<\/div>\n\t\t\t\t\t\t\t\t\t\t\t\t\t\t<div class=\"btn-wrapper\">\n\t\t\t\t\t<a href=\"https:\/\/agse.pt\/wp-content\/uploads\/2026\/01\/Declaracao-de-recebimentos-em-atraso-existentes-em-31122025_AGECI.pdf\" target=\"_blank\" class=\"c-icon-button stretched-link\" title=\"Go to Government Action on Education, Science and Innovation\"><i class=\"icon-material\" aria-hidden=\"true\" data-icon=\"arrow_forward\"><\/i><\/a>\n\t\t\t\t<\/div>\n\t\t\t\t\t<\/div>\n\t<\/div>\n\t\t\t\t\t\t\t\t\t\t\t\t\t\t\t\t\t\t\t\t\t<\/div>\n\t\t\t\t\t\t\t\t\t\n\t\t\t\t\t\t\t<\/div>\n\n\t\t<\/section>\n\t\n\n\n\t\t\t\t<section id=\"block_5ec1d663e29721aa2684a9a4568054d3\" class=\"content-block b-cards-section --bg-white --color-black --row-3-items --cards-info\">\n\n\t\t\t<div class=\"c-section-intro --align-center\">\n\t<div class=\"container\">\n\t\t\t\t\t\t\t<h2 class=\"headline-1\">Subsidies and Public Benefits Granted \u2013 2025<\/h2>\t\t\t\t\t\t\t<div class=\"text c-description\"><p>In accordance with Article 5 of Law No. 64\/2013, of August 27, the subsidies and public benefits granted in 2025, relating to the General Secretariat for Education and Science and the Government Action for Education, Science and Innovation, are hereby published.<\/p>\n<\/div>\t<\/div>\n<\/div>\n\n\t\t\t<div class=\"container\">\n\t\t\t\t\t\t\t\t\t\t\t\t\t\t\t\t\t\t\t\t\t\t\t\t\t\t<div class=\"cards-list --align-left --bg-white --border-gray\">\n\t\t\t\t\t\t\t\t\t\t\t\t\t\t\t\t\t\t\t\t\t\t\t<div class=\"c-card-info --has-button\">\n\t\t<div class=\"info\">\n\t\t\t\t\t\t\t<div class=\"icon\"><i class=\"icon-material\" data-icon=\"docs\"><\/i><\/div>\t\t\t<h3 class=\"title\"><span>Subsidies and Public Benefits Granted \u2013 SGEC<\/span><\/h3>\t\t\t\t\t\t\t<div class=\"c-description\">\n\t\t\t\t\t<p>Public disclosure of subsidies and public benefits granted by the General Secretariat for Education and Science.<\/p>\n\t\t\t\t<\/div>\n\t\t\t\t\t\t\t\t\t\t\t\t\t\t<div class=\"btn-wrapper\">\n\t\t\t\t\t<a href=\"https:\/\/agse.pt\/wp-content\/uploads\/2026\/02\/Subvencoes-Publicas-2025_SGEC.pdf\" target=\"_blank\" class=\"c-icon-button stretched-link\" title=\"Go to Subsidies and Public Benefits Granted - SGEC\"><i class=\"icon-material\" aria-hidden=\"true\" data-icon=\"arrow_forward\"><\/i><\/a>\n\t\t\t\t<\/div>\n\t\t\t\t\t<\/div>\n\t<\/div>\n\t\t\t\t\t\t\t\t\t\t\t\t\t\t\t\t\t\t\t\t\t\t\t\t<div class=\"c-card-info --has-button\">\n\t\t<div class=\"info\">\n\t\t\t\t\t\t\t<div class=\"icon\"><i class=\"icon-material\" data-icon=\"docs\"><\/i><\/div>\t\t\t<h3 class=\"title\"><span>Subsidies and Public Benefits Granted \u2013 AGECI<\/span><\/h3>\t\t\t\t\t\t\t<div class=\"c-description\">\n\t\t\t\t\t<p>Public disclosure of subsidies and public benefits granted within the scope of the Office of the Minister of Education, Science and Innovation.<\/p>\n\t\t\t\t<\/div>\n\t\t\t\t\t\t\t\t\t\t\t\t\t\t<div class=\"btn-wrapper\">\n\t\t\t\t\t<a href=\"https:\/\/agse.pt\/wp-content\/uploads\/2026\/02\/Subvencoes-Publicas-2025_AGECI.pdf\" target=\"_blank\" class=\"c-icon-button stretched-link\" title=\"Go to Subsidies and Public Benefits Granted - AGECI\"><i class=\"icon-material\" aria-hidden=\"true\" data-icon=\"arrow_forward\"><\/i><\/a>\n\t\t\t\t<\/div>\n\t\t\t\t\t<\/div>\n\t<\/div>\n\t\t\t\t\t\t\t\t\t\t\t\t\t\t\t\t\t\t\t\t\t<\/div>\n\t\t\t\t\t\t\t\t\t\n\t\t\t\t\t\t\t<\/div>\n\n\t\t<\/section>\n\t\n\n\n\t\t\t\t<section id=\"block_81f022a3caab1b8b03446088038f180a\" class=\"content-block b-cards-section --bg-white --color-black --row-2-items --cards-info\">\n\n\t\t\t<div class=\"c-section-intro --align-center\">\n\t<div class=\"container\">\n\t\t\t\t\t<span class=\"caption\">DSGRH<\/span>\t\t\t\t\t<h2 class=\"headline-1\">Human Resources Management \u2013 Procedures and Publications<\/h2>\t\t\t\t\t\t\t<div class=\"text c-description\"><p>Information and documentation relating to evaluation processes, nominative lists and transparency mechanisms within the scope of human resources management at SGEC.<\/p>\n<\/div>\t<\/div>\n<\/div>\n\n\t\t\t<div class=\"container\">\n\t\t\t\t\t\t\t\t\t\t\t\t\t\t\t\t\t\t\t\t\t\t\t\t\t\t<div class=\"cards-list --align-left --bg-white --border-gray\">\n\t\t\t\t\t\t\t\t\t\t\t\t\t\t\t\t\t\t\t\t\t\t\t<div class=\"c-card-info --has-button\">\n\t\t<div class=\"info\">\n\t\t\t\t\t\t\t<div class=\"icon\"><i class=\"icon-material\" data-icon=\"docs\"><\/i><\/div>\t\t\t<h3 class=\"title\"><span>Minutes of the criteria for the evaluation by curricular weighting (PDF)<\/span><\/h3>\t\t\t\t\t\t\t<div class=\"c-description\">\n\t\t\t\t\t<p><span>In compliance with the provisions of paragraph 4 of Article 43 of Law No. 66-B\/2007, of December 28, as amended, the criteria for curricular weighting and their respective valuation applicable to employees of the General Secretariat for Education and Science are hereby published.<\/span><\/p>\n\t\t\t\t<\/div>\n\t\t\t\t\t\t\t\t\t\t\t\t\t\t<div class=\"btn-wrapper\">\n\t\t\t\t\t<a href=\"https:\/\/agse.pt\/wp-content\/uploads\/2026\/01\/SIADAP-3-Criterios-de-ponderacao-curricular-2025.pdf\" target=\"_blank\" class=\"c-icon-button stretched-link\" title=\"Go to Minutes of the evaluation criteria by curricular weighting (PDF)\"><i class=\"icon-material\" aria-hidden=\"true\" data-icon=\"arrow_forward\"><\/i><\/a>\n\t\t\t\t<\/div>\n\t\t\t\t\t<\/div>\n\t<\/div>\n\t\t\t\t\t\t\t\t\t\t\t\t\t\t\t\t\t\t\t\t\t<\/div>\n\t\t\t\t\t\t\t\t\t\n\t\t\t\t\t\t\t<\/div>\n\n\t\t<\/section>\n\t\n\n\n\t\t\t\t<section id=\"block_732661bf56cc9580f20140ea63875b21\" class=\"content-block b-cards-section --bg-white --color-black --row-2-items --cards-info\">\n\n\t\t\t<div class=\"c-section-intro --align-center\">\n\t<div class=\"container\">\n\t\t\t\t\t<span class=\"caption\">DSDA<\/span>\t\t\t\t\t<h2 class=\"headline-1\">Documentation and Archive Management \u2013 Access to asset information<\/h2>\t\t\t\t\t\t\t<div class=\"text c-description\"><p>Information regarding access to historical heritage managed by the General Secretariat and transferred to the Directorate-General for Books, Archives and Libraries (DGLAB).<\/p>\n<\/div>\t<\/div>\n<\/div>\n\n\t\t\t<div class=\"container\">\n\t\t\t\t\t\t\t\t\t\t\t\t\t\t\t\t\t\t\t\t\t\t\t\t\t\t<div class=\"cards-list --align-left --bg-white --border-gray\">\n\t\t\t\t\t\t\t\t\t\t\t\t\t\t\t\t\t\t\t\t\t\t\t<div class=\"c-card-info\">\n\t\t<div class=\"info\">\n\t\t\t\t\t\t\t<div class=\"icon\"><i class=\"icon-material\" data-icon=\"\"><\/i><\/div>\t\t\t<h3 class=\"title\"><span>Where did the SGEC&#039;s asset documentation go?<\/span><\/h3>\t\t\t\t\t\t\t<div class=\"c-description\">\n\t\t\t\t\t<p>The historical archives and libraries that were under the care of the SGEC, and which it made accessible, were incorporated into the Directorate-General for Books, Archives and Libraries.<\/p>\n<p>The documentation in the intermediate phase (administrative retention) that was in the Camarate warehouse was also transferred to the purview of this Directorate-General.<\/p>\n\t\t\t\t<\/div>\n\t\t\t\t\t\t\t\t<\/div>\n\t<\/div>\n\t\t\t\t\t\t\t\t\t\t\t\t\t\t\t\t\t\t\t\t\t\t\t\t<div class=\"c-card-info\">\n\t\t<div class=\"info\">\n\t\t\t\t\t\t\t<div class=\"icon\"><i class=\"icon-material\" data-icon=\"\"><\/i><\/div>\t\t\t<h3 class=\"title\"><span>How should one proceed to continue having access to this documentation?<\/span><\/h3>\t\t\t\t\t\t\t<div class=\"c-description\">\n\t\t\t\t\t<p>In order to avoid disruptions in accessing SGEC&#039;s asset documentation, interested parties should direct their consultation requests to the following address: <a href=\"mailto:&#x6d;&#x61;&#x69;&#x6c;&#x2e;&#x69;&#x61;&#110;&#116;&#116;&#064;&#100;&#103;&#108;&#097;&#098;&#046;&#103;ov&#046;pt\"><em>mail.iantt@dglab.gov.pt<\/em><\/a><\/p>\n<p>Access to historical documentation will be through the Reading Room of the Torre do Tombo National Archives.<\/p>\n\t\t\t\t<\/div>\n\t\t\t\t\t\t\t\t<\/div>\n\t<\/div>\n\t\t\t\t\t\t\t\t\t\t\t\t\t\t\t\t\t\t\t\t\t<\/div>\n\t\t\t\t\t\t\t\t\t\n\t\t\t\t\t\t\t<\/div>\n\n\t\t<\/section>","protected":false},"excerpt":{"rendered":"","protected":false},"author":3,"featured_media":0,"parent":0,"menu_order":0,"comment_status":"closed","ping_status":"closed","template":"","meta":{"_acf_changed":false,"footnotes":""},"class_list":["post-1992","page","type-page","status-publish","hentry"],"acf":[],"yoast_head":"<!-- This site is optimized with the Yoast SEO plugin v27.3 - https:\/\/yoast.com\/product\/yoast-seo-wordpress\/ -->\n<title>Secretaria-Geral da Educa\u00e7\u00e3o e Ci\u00eancia - AGSE<\/title>\n<meta name=\"robots\" content=\"index, follow, max-snippet:-1, max-image-preview:large, max-video-preview:-1\" \/>\n<link rel=\"canonical\" href=\"https:\/\/agse.pt\/en\/secretaria-geral-da-educacao-e-ciencia\/\" \/>\n<meta property=\"og:locale\" content=\"en_GB\" \/>\n<meta property=\"og:type\" content=\"article\" \/>\n<meta property=\"og:title\" content=\"Secretaria-Geral da Educa\u00e7\u00e3o e Ci\u00eancia - AGSE\" \/>\n<meta property=\"og:url\" content=\"https:\/\/agse.pt\/en\/secretaria-geral-da-educacao-e-ciencia\/\" \/>\n<meta property=\"og:site_name\" content=\"AGSE\" \/>\n<meta property=\"article:modified_time\" content=\"2026-03-16T18:06:51+00:00\" \/>\n<meta name=\"twitter:card\" content=\"summary_large_image\" \/>\n<script type=\"application\/ld+json\" class=\"yoast-schema-graph\">{\"@context\":\"https:\\\/\\\/schema.org\",\"@graph\":[{\"@type\":\"WebPage\",\"@id\":\"https:\\\/\\\/agse.pt\\\/secretaria-geral-da-educacao-e-ciencia\\\/\",\"url\":\"https:\\\/\\\/agse.pt\\\/secretaria-geral-da-educacao-e-ciencia\\\/\",\"name\":\"Secretaria-Geral da Educa\u00e7\u00e3o e Ci\u00eancia - AGSE\",\"isPartOf\":{\"@id\":\"https:\\\/\\\/site1.dev.fccn.pt\\\/#website\"},\"datePublished\":\"2026-01-28T15:04:37+00:00\",\"dateModified\":\"2026-03-16T18:06:51+00:00\",\"breadcrumb\":{\"@id\":\"https:\\\/\\\/agse.pt\\\/secretaria-geral-da-educacao-e-ciencia\\\/#breadcrumb\"},\"inLanguage\":\"en-GB\",\"potentialAction\":[{\"@type\":\"ReadAction\",\"target\":[\"https:\\\/\\\/agse.pt\\\/secretaria-geral-da-educacao-e-ciencia\\\/\"]}]},{\"@type\":\"BreadcrumbList\",\"@id\":\"https:\\\/\\\/agse.pt\\\/secretaria-geral-da-educacao-e-ciencia\\\/#breadcrumb\",\"itemListElement\":[{\"@type\":\"ListItem\",\"position\":1,\"name\":\"Home\",\"item\":\"https:\\\/\\\/agse.pt\\\/\"},{\"@type\":\"ListItem\",\"position\":2,\"name\":\"Secretaria-Geral da Educa\u00e7\u00e3o e Ci\u00eancia\"}]},{\"@type\":\"WebSite\",\"@id\":\"https:\\\/\\\/site1.dev.fccn.pt\\\/#website\",\"url\":\"https:\\\/\\\/site1.dev.fccn.pt\\\/\",\"name\":\"AGSE\",\"description\":\"Ag\u00eancia para a Gest\u00e3o do Sistema Educativo\",\"potentialAction\":[{\"@type\":\"SearchAction\",\"target\":{\"@type\":\"EntryPoint\",\"urlTemplate\":\"https:\\\/\\\/site1.dev.fccn.pt\\\/?s={search_term_string}\"},\"query-input\":{\"@type\":\"PropertyValueSpecification\",\"valueRequired\":true,\"valueName\":\"search_term_string\"}}],\"inLanguage\":\"en-GB\"}]}<\/script>\n<!-- \/ Yoast SEO plugin. -->","yoast_head_json":{"title":"General Secretariat for Education and Science - AGSE","robots":{"index":"index","follow":"follow","max-snippet":"max-snippet:-1","max-image-preview":"max-image-preview:large","max-video-preview":"max-video-preview:-1"},"canonical":"https:\/\/agse.pt\/en\/secretaria-geral-da-educacao-e-ciencia\/","og_locale":"en_GB","og_type":"article","og_title":"Secretaria-Geral da Educa\u00e7\u00e3o e Ci\u00eancia - AGSE","og_url":"https:\/\/agse.pt\/en\/secretaria-geral-da-educacao-e-ciencia\/","og_site_name":"AGSE","article_modified_time":"2026-03-16T18:06:51+00:00","twitter_card":"summary_large_image","schema":{"@context":"https:\/\/schema.org","@graph":[{"@type":"WebPage","@id":"https:\/\/agse.pt\/secretaria-geral-da-educacao-e-ciencia\/","url":"https:\/\/agse.pt\/secretaria-geral-da-educacao-e-ciencia\/","name":"General Secretariat for Education and Science - AGSE","isPartOf":{"@id":"https:\/\/site1.dev.fccn.pt\/#website"},"datePublished":"2026-01-28T15:04:37+00:00","dateModified":"2026-03-16T18:06:51+00:00","breadcrumb":{"@id":"https:\/\/agse.pt\/secretaria-geral-da-educacao-e-ciencia\/#breadcrumb"},"inLanguage":"en-GB","potentialAction":[{"@type":"ReadAction","target":["https:\/\/agse.pt\/secretaria-geral-da-educacao-e-ciencia\/"]}]},{"@type":"BreadcrumbList","@id":"https:\/\/agse.pt\/secretaria-geral-da-educacao-e-ciencia\/#breadcrumb","itemListElement":[{"@type":"ListItem","position":1,"name":"Home","item":"https:\/\/agse.pt\/"},{"@type":"ListItem","position":2,"name":"Secretaria-Geral da Educa\u00e7\u00e3o e Ci\u00eancia"}]},{"@type":"WebSite","@id":"https:\/\/site1.dev.fccn.pt\/#website","url":"https:\/\/site1.dev.fccn.pt\/","name":"AGSE","description":"Agency for the Management of the Education System","potentialAction":[{"@type":"SearchAction","target":{"@type":"EntryPoint","urlTemplate":"https:\/\/site1.dev.fccn.pt\/?s={search_term_string}"},"query-input":{"@type":"PropertyValueSpecification","valueRequired":true,"valueName":"search_term_string"}}],"inLanguage":"en-GB"}]}},"_links":{"self":[{"href":"https:\/\/agse.pt\/en\/wp-json\/wp\/v2\/pages\/1992","targetHints":{"allow":["GET"]}}],"collection":[{"href":"https:\/\/agse.pt\/en\/wp-json\/wp\/v2\/pages"}],"about":[{"href":"https:\/\/agse.pt\/en\/wp-json\/wp\/v2\/types\/page"}],"author":[{"embeddable":true,"href":"https:\/\/agse.pt\/en\/wp-json\/wp\/v2\/users\/3"}],"replies":[{"embeddable":true,"href":"https:\/\/agse.pt\/en\/wp-json\/wp\/v2\/comments?post=1992"}],"version-history":[{"count":38,"href":"https:\/\/agse.pt\/en\/wp-json\/wp\/v2\/pages\/1992\/revisions"}],"predecessor-version":[{"id":4584,"href":"https:\/\/agse.pt\/en\/wp-json\/wp\/v2\/pages\/1992\/revisions\/4584"}],"wp:attachment":[{"href":"https:\/\/agse.pt\/en\/wp-json\/wp\/v2\/media?parent=1992"}],"curies":[{"name":"wp","href":"https:\/\/api.w.org\/{rel}","templated":true}]}}