{"id":3120,"date":"2026-02-18T15:04:35","date_gmt":"2026-02-18T15:04:35","guid":{"rendered":"https:\/\/agse.pt\/?page_id=3120"},"modified":"2026-03-03T14:42:39","modified_gmt":"2026-03-03T14:42:39","slug":"concursos-extraordinarios","status":"publish","type":"page","link":"https:\/\/agse.pt\/en\/concursos-extraordinarios\/","title":{"rendered":"Extraordinary External Competition 2025\/2026"},"content":{"rendered":"\t\t\t\t<section id=block_67f4cc841591ff95cda3fb508f6aa900 class=\"content-block b-news --bg-white\">\n\n\t\t\t\t<div class=\"c-section-intro --align-center\">\n\t\t<div class=\"container\">\n\t\t\t\t\t\t\t\t\t\t<h2 class=\"headline-1\">Concurso Externo Extraordin\u00e1rios 2025\/2026<\/h2>\t\t\t\t\t\t\t\t<\/div>\n\t<\/div>\n\n\t\t\t\n\t\t\t\t\t\t\t<div class=\"container\">\n\t\t\t\t\t<div class=\"news-list\">\n\t\t\t\t\t\t\t\t\t\t\t\t\t<div class=\"c-news-item\">\n\t<div id=\"TranslatedTitle\" style=\"display: none;\">\n\t\t&lt;span data-no-translation&gt;Concurso Externo Extraordin\u00e1rio 2025\/2026 \u2013 Valida\u00e7\u00e3o da Candidatura \u00e0 Mobilidade Interna&lt;\/span&gt;\t<\/div>\n\n\t\n\t\t\t<div class=\"image\"><img loading=\"lazy\" decoding=\"async\" width=\"600\" height=\"396\" src=\"https:\/\/agse.pt\/wp-content\/uploads\/2026\/02\/Imagens-AGSE-1687x1108px-1-600x396.png\" class=\"attachment-card-thumb size-card-thumb\" alt=\"Imagem gr\u00e1fica com fundo branco e azul\u2011escuro, com formas geom\u00e9tricas em gradiente azul e verde. O texto apresenta: \u201cConcurso Externo Extraordin\u00e1rio 2025\/2026\u201d e, abaixo, \u201cValida\u00e7\u00e3o da Candidatura \u00e0 Mobilidade Interna\u201d. No canto superior direito surge o log\u00f3tipo AGSE.\" srcset=\"https:\/\/agse.pt\/wp-content\/uploads\/2026\/02\/Imagens-AGSE-1687x1108px-1-600x396.png 600w, https:\/\/agse.pt\/wp-content\/uploads\/2026\/02\/Imagens-AGSE-1687x1108px-1-300x197.png 300w, https:\/\/agse.pt\/wp-content\/uploads\/2026\/02\/Imagens-AGSE-1687x1108px-1-18x12.png 18w\" sizes=\"auto, (max-width: 600px) 100vw, 600px\" \/><\/div>\t<div class=\"info\">\n\t\t\t\t<span class=\"date\">12 Feb 2026<\/span>\n\t\t<h3 class=\"title\"><span>Concurso Externo Extraordin\u00e1rio 2025\/2026 \u2013 Valida\u00e7\u00e3o da Candidatura \u00e0 Mobilidade Interna<\/span><\/h3>\t\t\t\t\t<div class=\"c-description\">\n\t\t\t\t<p>Valida\u00e7\u00e3o da Candidatura \u00e0 Mobilidade Interna do Concurso Externo Extraordin\u00e1rio 2025\/2026 Encontra-se dispon\u00edvel a aplica\u00e7\u00e3o que permite aos AE\/EnA efetuarem a valida\u00e7\u00e3o da candidatura \u00e0 Mobilidade Interna do Concurso Externo Extraordin\u00e1rio, entre o dia 12 e as 23:59 horas do dia 16 de fevereiro de 2026 (hora de Portugal continental). SIGRHE \u2013\u2013 Mobilidade Interna do [&hellip;]<\/p>\t\t\t<\/div>\n\t\t\t\t\t\t<div class=\"btn-wrapper\"><a href=\"https:\/\/agse.pt\/en\/concurso-externo-extraordinario-2025-2026-validacao-da-candidatura-a-mobilidade-interna\/\" class=\"c-icon-button\" title=\"Ir para Concurso Externo Extraordin\u00e1rio 2025\/2026 \u2013 Valida\u00e7\u00e3o da Candidatura \u00e0 Mobilidade Interna\"><i class=\"icon-material\" aria-hidden=\"true\" data-icon=\"arrow_forward\"><\/i><\/a><\/div>\n\t<\/div>\n<\/div>\n\t\t\t\t\t\t\t\t\t\t\t\t\t<div class=\"c-news-item\">\n\t<div id=\"TranslatedTitle\" style=\"display: none;\">\n\t\t&lt;span data-no-translation&gt;Concurso Externo Extraordin\u00e1rio 2025\/2026 &#8211; Candidatura a Mobilidade Interna&lt;\/span&gt;\t<\/div>\n\n\t\n\t\t\t<div class=\"image\"><img loading=\"lazy\" decoding=\"async\" width=\"600\" height=\"396\" src=\"https:\/\/agse.pt\/wp-content\/uploads\/2026\/02\/Concurso-extraordinario-agse-2026-600x396.png\" class=\"attachment-card-thumb size-card-thumb\" alt=\"Imagem identit\u00e1ria AGSE\" srcset=\"https:\/\/agse.pt\/wp-content\/uploads\/2026\/02\/Concurso-extraordinario-agse-2026-600x396.png 600w, https:\/\/agse.pt\/wp-content\/uploads\/2026\/02\/Concurso-extraordinario-agse-2026-300x197.png 300w, https:\/\/agse.pt\/wp-content\/uploads\/2026\/02\/Concurso-extraordinario-agse-2026-18x12.png 18w\" sizes=\"auto, (max-width: 600px) 100vw, 600px\" \/><\/div>\t<div class=\"info\">\n\t\t\t\t<span class=\"date\">05 Feb 2026<\/span>\n\t\t<h3 class=\"title\"><span>Concurso Externo Extraordin\u00e1rio 2025\/2026 &#8211; Candidatura a Mobilidade Interna<\/span><\/h3>\t\t\t\t\t<div class=\"c-description\">\n\t\t\t\t<p>Publica\u00e7\u00e3o de aplica\u00e7\u00e3o para Candidatura a Mobilidade Interna, no \u00e2mbito do Concurso Externo Extraordin\u00e1rio 2025\/2026 Encontra-se dispon\u00edvel a aplica\u00e7\u00e3o que permite aos docentes efetuarem a candidatura \u00e0 mobilidade interna do Concurso Externo Extraordin\u00e1rio, entre o dia 5 e as 23:59 horas do dia 11 de fevereiro de 2026 (hora de Portugal continental). SIGRHE \u2013 Candidatura [&hellip;]<\/p>\t\t\t<\/div>\n\t\t\t\t\t\t<div class=\"btn-wrapper\"><a href=\"https:\/\/agse.pt\/en\/noticias-concurso-externo-extraordinario-2025-2026-candidatura-a-mobilidade-interna\/\" class=\"c-icon-button\" title=\"Ir para Concurso Externo Extraordin\u00e1rio 2025\/2026 &#8211; Candidatura a Mobilidade Interna\"><i class=\"icon-material\" aria-hidden=\"true\" data-icon=\"arrow_forward\"><\/i><\/a><\/div>\n\t<\/div>\n<\/div>\n\t\t\t\t\t\t\t\t\t\t\t<\/div>\n\t\t\t\t<\/div>\n\t\t\t\n\t\t<\/section>\n\t\n","protected":false},"excerpt":{"rendered":"","protected":false},"author":3,"featured_media":0,"parent":0,"menu_order":0,"comment_status":"closed","ping_status":"closed","template":"","meta":{"_acf_changed":false,"footnotes":""},"class_list":["post-3120","page","type-page","status-publish","hentry"],"acf":[],"yoast_head":"<!-- This site is optimized with the Yoast SEO plugin v27.2 - https:\/\/yoast.com\/product\/yoast-seo-wordpress\/ -->\n<title>Concurso Externo Extraordin\u00e1rios 2025\/2026 - AGSE<\/title>\n<meta name=\"robots\" content=\"index, follow, max-snippet:-1, max-image-preview:large, max-video-preview:-1\" \/>\n<link rel=\"canonical\" href=\"https:\/\/agse.pt\/en\/concursos-extraordinarios\/\" \/>\n<meta property=\"og:locale\" content=\"en_GB\" \/>\n<meta property=\"og:type\" content=\"article\" \/>\n<meta property=\"og:title\" content=\"Concurso Externo Extraordin\u00e1rios 2025\/2026 - AGSE\" \/>\n<meta property=\"og:url\" content=\"https:\/\/agse.pt\/en\/concursos-extraordinarios\/\" \/>\n<meta property=\"og:site_name\" content=\"AGSE\" \/>\n<meta property=\"article:modified_time\" content=\"2026-03-03T14:42:39+00:00\" \/>\n<meta name=\"twitter:card\" content=\"summary_large_image\" \/>\n<script type=\"application\/ld+json\" class=\"yoast-schema-graph\">{\"@context\":\"https:\/\/schema.org\",\"@graph\":[{\"@type\":\"WebPage\",\"@id\":\"https:\/\/agse.pt\/concursos-extraordinarios\/\",\"url\":\"https:\/\/agse.pt\/concursos-extraordinarios\/\",\"name\":\"Concurso Externo Extraordin\u00e1rios 2025\/2026 - AGSE\",\"isPartOf\":{\"@id\":\"https:\/\/site1.dev.fccn.pt\/#website\"},\"datePublished\":\"2026-02-18T15:04:35+00:00\",\"dateModified\":\"2026-03-03T14:42:39+00:00\",\"breadcrumb\":{\"@id\":\"https:\/\/agse.pt\/concursos-extraordinarios\/#breadcrumb\"},\"inLanguage\":\"en-GB\",\"potentialAction\":[{\"@type\":\"ReadAction\",\"target\":[\"https:\/\/agse.pt\/concursos-extraordinarios\/\"]}]},{\"@type\":\"BreadcrumbList\",\"@id\":\"https:\/\/agse.pt\/concursos-extraordinarios\/#breadcrumb\",\"itemListElement\":[{\"@type\":\"ListItem\",\"position\":1,\"name\":\"Home\",\"item\":\"https:\/\/agse.pt\/\"},{\"@type\":\"ListItem\",\"position\":2,\"name\":\"Concurso Externo Extraordin\u00e1rios 2025\/2026\"}]},{\"@type\":\"WebSite\",\"@id\":\"https:\/\/site1.dev.fccn.pt\/#website\",\"url\":\"https:\/\/site1.dev.fccn.pt\/\",\"name\":\"AGSE\",\"description\":\"Ag\u00eancia para a Gest\u00e3o do Sistema Educativo\",\"potentialAction\":[{\"@type\":\"SearchAction\",\"target\":{\"@type\":\"EntryPoint\",\"urlTemplate\":\"https:\/\/site1.dev.fccn.pt\/?s={search_term_string}\"},\"query-input\":{\"@type\":\"PropertyValueSpecification\",\"valueRequired\":true,\"valueName\":\"search_term_string\"}}],\"inLanguage\":\"en-GB\"}]}<\/script>\n<!-- \/ Yoast SEO plugin. -->","yoast_head_json":{"title":"Extraordinary External Competition 2025\/2026 - AGSE","robots":{"index":"index","follow":"follow","max-snippet":"max-snippet:-1","max-image-preview":"max-image-preview:large","max-video-preview":"max-video-preview:-1"},"canonical":"https:\/\/agse.pt\/en\/concursos-extraordinarios\/","og_locale":"en_GB","og_type":"article","og_title":"Concurso Externo Extraordin\u00e1rios 2025\/2026 - AGSE","og_url":"https:\/\/agse.pt\/en\/concursos-extraordinarios\/","og_site_name":"AGSE","article_modified_time":"2026-03-03T14:42:39+00:00","twitter_card":"summary_large_image","schema":{"@context":"https:\/\/schema.org","@graph":[{"@type":"WebPage","@id":"https:\/\/agse.pt\/concursos-extraordinarios\/","url":"https:\/\/agse.pt\/concursos-extraordinarios\/","name":"Extraordinary External Competition 2025\/2026 - AGSE","isPartOf":{"@id":"https:\/\/site1.dev.fccn.pt\/#website"},"datePublished":"2026-02-18T15:04:35+00:00","dateModified":"2026-03-03T14:42:39+00:00","breadcrumb":{"@id":"https:\/\/agse.pt\/concursos-extraordinarios\/#breadcrumb"},"inLanguage":"en-GB","potentialAction":[{"@type":"ReadAction","target":["https:\/\/agse.pt\/concursos-extraordinarios\/"]}]},{"@type":"BreadcrumbList","@id":"https:\/\/agse.pt\/concursos-extraordinarios\/#breadcrumb","itemListElement":[{"@type":"ListItem","position":1,"name":"Home","item":"https:\/\/agse.pt\/"},{"@type":"ListItem","position":2,"name":"Concurso Externo Extraordin\u00e1rios 2025\/2026"}]},{"@type":"WebSite","@id":"https:\/\/site1.dev.fccn.pt\/#website","url":"https:\/\/site1.dev.fccn.pt\/","name":"AGSE","description":"Agency for the Management of the Education System","potentialAction":[{"@type":"SearchAction","target":{"@type":"EntryPoint","urlTemplate":"https:\/\/site1.dev.fccn.pt\/?s={search_term_string}"},"query-input":{"@type":"PropertyValueSpecification","valueRequired":true,"valueName":"search_term_string"}}],"inLanguage":"en-GB"}]}},"_links":{"self":[{"href":"https:\/\/agse.pt\/en\/wp-json\/wp\/v2\/pages\/3120","targetHints":{"allow":["GET"]}}],"collection":[{"href":"https:\/\/agse.pt\/en\/wp-json\/wp\/v2\/pages"}],"about":[{"href":"https:\/\/agse.pt\/en\/wp-json\/wp\/v2\/types\/page"}],"author":[{"embeddable":true,"href":"https:\/\/agse.pt\/en\/wp-json\/wp\/v2\/users\/3"}],"replies":[{"embeddable":true,"href":"https:\/\/agse.pt\/en\/wp-json\/wp\/v2\/comments?post=3120"}],"version-history":[{"count":2,"href":"https:\/\/agse.pt\/en\/wp-json\/wp\/v2\/pages\/3120\/revisions"}],"predecessor-version":[{"id":3753,"href":"https:\/\/agse.pt\/en\/wp-json\/wp\/v2\/pages\/3120\/revisions\/3753"}],"wp:attachment":[{"href":"https:\/\/agse.pt\/en\/wp-json\/wp\/v2\/media?parent=3120"}],"curies":[{"name":"wp","href":"https:\/\/api.w.org\/{rel}","templated":true}]}}