{"id":3755,"date":"2026-03-03T19:13:19","date_gmt":"2026-03-03T19:13:19","guid":{"rendered":"https:\/\/agse.pt\/?page_id=3755"},"modified":"2026-04-14T09:13:57","modified_gmt":"2026-04-14T09:13:57","slug":"concurso-nacional-2026-2027","status":"publish","type":"page","link":"https:\/\/agse.pt\/en\/concurso-nacional-2026-2027\/","title":{"rendered":"National Competition 2026\/2027"},"content":{"rendered":"\t\t\t\t<section id=block_3f07218113e680ea69ecb2a98c03efe7 class=\"content-block b-page-header --align-center --bg-white --color-black\">\n\t\t\t\t\t\t<div class=\"container\">\n\t\t\t\t<div class=\"info\">\n\t\t\t\t\t\t\t\t\t\t\t\t\t\t\t\t<h2 class=\"title\">Concurso Nacional 2026\/2027<\/h2>\t\t\t\t\t\t\t\t\t\t\t\t\t\t\t\t\t\t\t<\/div>\n\t\t\t\t\t\t\t<\/div>\n\n\t\t<\/section>\n\t\n\n\n\t\t\t\t<section id=block_d94d1766e69c1ed7ac01d1e32d36f8b1 class=\"content-block b-news --bg-white\">\n\n\t\t\t\n\t\t\t\n\t\t\t\t\t\t\t<div class=\"container\">\n\t\t\t\t\t<div class=\"news-list\">\n\t\t\t\t\t\t\t\t\t\t\t\t\t<div class=\"c-news-item\">\n\t<div id=\"TranslatedTitle\" style=\"display: none;\">\n\t\t&lt;span data-no-translation&gt;Concurso Nacional Interno e Externo 2026\/2027 &#8211; 1.\u00aa Valida\u00e7\u00e3o&lt;\/span&gt;\t<\/div>\n\n\t\n\t\t\t<div class=\"image\"><img loading=\"lazy\" decoding=\"async\" width=\"600\" height=\"396\" src=\"https:\/\/agse.pt\/wp-content\/uploads\/2026\/04\/Imagens-AGSE-CN_2026_2027-600x396.png\" class=\"attachment-card-thumb size-card-thumb\" alt=\"Concurso Nacional 2026\/2027 - 1.\u00aa Valida\u00e7\u00e3o\" srcset=\"https:\/\/agse.pt\/wp-content\/uploads\/2026\/04\/Imagens-AGSE-CN_2026_2027-600x396.png 600w, https:\/\/agse.pt\/wp-content\/uploads\/2026\/04\/Imagens-AGSE-CN_2026_2027-300x197.png 300w, https:\/\/agse.pt\/wp-content\/uploads\/2026\/04\/Imagens-AGSE-CN_2026_2027-18x12.png 18w\" sizes=\"auto, (max-width: 600px) 100vw, 600px\" \/><\/div>\t<div class=\"info\">\n\t\t\t\t<span class=\"date\">14 Apr 2026<\/span>\n\t\t<h2 class=\"title\"><span>Concurso Nacional Interno e Externo 2026\/2027 &#8211; 1.\u00aa Valida\u00e7\u00e3o<\/span><\/h2>\t\t\t\t\t<div class=\"c-description\">\n\t\t\t\t<p>Concurso Nacional Interno e Externo 2026\/2027 &#8211; 1.\u00aa Valida\u00e7\u00e3o Encontra-se dispon\u00edvel at\u00e9 \u00e0s 23h59 horas de 20 de abril de 2026 (hora de Portugal continental), a aplica\u00e7\u00e3o eletr\u00f3nica para efetuar a 1.\u00aa Valida\u00e7\u00e3o para o Concurso Nacional Interno e Externo, destinado a Educadores de Inf\u00e2ncia e a Professores dos Ensinos B\u00e1sico e Secund\u00e1rio. SIGRHE &#8211; [&hellip;]<\/p>\t\t\t<\/div>\n\t\t\t\t\t\t<div class=\"btn-wrapper\"><a href=\"https:\/\/agse.pt\/en\/concurso-nacional-interno-e-externo-2026-2027-1-a-validacao\/\" class=\"c-icon-button\" title=\"Ir para Concurso Nacional Interno e Externo 2026\/2027 &#8211; 1.\u00aa Valida\u00e7\u00e3o\"><i class=\"icon-material\" aria-hidden=\"true\" data-icon=\"arrow_forward\"><\/i><\/a><\/div>\n\t<\/div>\n<\/div>\n\t\t\t\t\t\t\t\t\t\t\t\t\t<div class=\"c-news-item\">\n\t<div id=\"TranslatedTitle\" style=\"display: none;\">\n\t\t&lt;span data-no-translation&gt;Concurso Nacional Interno e Externo 2026\/2027 &#8211; Candidatura&lt;\/span&gt;\t<\/div>\n\n\t\n\t\t\t<div class=\"image\"><img loading=\"lazy\" decoding=\"async\" width=\"600\" height=\"396\" src=\"https:\/\/agse.pt\/wp-content\/uploads\/2026\/04\/Imagens-AGSE-1687x1108px-49-600x396.png\" class=\"attachment-card-thumb size-card-thumb\" alt=\"Imagens AGSE 1687x1108px (49)\" srcset=\"https:\/\/agse.pt\/wp-content\/uploads\/2026\/04\/Imagens-AGSE-1687x1108px-49-600x396.png 600w, https:\/\/agse.pt\/wp-content\/uploads\/2026\/04\/Imagens-AGSE-1687x1108px-49-300x197.png 300w, https:\/\/agse.pt\/wp-content\/uploads\/2026\/04\/Imagens-AGSE-1687x1108px-49-18x12.png 18w\" sizes=\"auto, (max-width: 600px) 100vw, 600px\" \/><\/div>\t<div class=\"info\">\n\t\t\t\t<span class=\"date\">01 Apr 2026<\/span>\n\t\t<h2 class=\"title\"><span>Concurso Nacional Interno e Externo 2026\/2027 &#8211; Candidatura<\/span><\/h2>\t\t\t\t\t<div class=\"c-description\">\n\t\t\t\t<p>Concurso Nacional Interno e Externo 2026\/2027 &#8211; Candidatura Encontra-se dispon\u00edvel at\u00e9 \u00e0s 23h59 horas de 13 de abril de 2026 (hora de Portugal continental), a aplica\u00e7\u00e3o eletr\u00f3nica da Candidatura para o Concurso Nacional Interno e Externo, destinado a Educadores de Inf\u00e2ncia e a Professores dos Ensinos B\u00e1sico e Secund\u00e1rio. SIGRHE &#8211; Candidatura 2026\/2027 Nota de [&hellip;]<\/p>\t\t\t<\/div>\n\t\t\t\t\t\t<div class=\"btn-wrapper\"><a href=\"https:\/\/agse.pt\/en\/concurso-nacional-interno-e-externo-2026-2027-candidatura\/\" class=\"c-icon-button\" title=\"Ir para Concurso Nacional Interno e Externo 2026\/2027 &#8211; Candidatura\"><i class=\"icon-material\" aria-hidden=\"true\" data-icon=\"arrow_forward\"><\/i><\/a><\/div>\n\t<\/div>\n<\/div>\n\t\t\t\t\t\t\t\t\t\t\t\t\t<div class=\"c-news-item\">\n\t<div id=\"TranslatedTitle\" style=\"display: none;\">\n\t\t&lt;span data-no-translation&gt;Apuramento de Vagas&lt;\/span&gt;\t<\/div>\n\n\t\n\t\t\t<div class=\"image\"><img loading=\"lazy\" decoding=\"async\" width=\"600\" height=\"396\" src=\"https:\/\/agse.pt\/wp-content\/uploads\/2026\/03\/Imagens-AGSE-1687x1108px-14-600x396.png\" class=\"attachment-card-thumb size-card-thumb\" alt=\"Cartaz com fundo branco e formas geom\u00e9tricas em azul e verde. Ao centro l\u00ea\u2011se \u201cApuramento de Vagas \u2013 Concurso Nacional 2026\/2027\u201d. No canto superior direito est\u00e1 o log\u00f3tipo da AGSE em azul e verde.\" srcset=\"https:\/\/agse.pt\/wp-content\/uploads\/2026\/03\/Imagens-AGSE-1687x1108px-14-600x396.png 600w, https:\/\/agse.pt\/wp-content\/uploads\/2026\/03\/Imagens-AGSE-1687x1108px-14-300x197.png 300w, https:\/\/agse.pt\/wp-content\/uploads\/2026\/03\/Imagens-AGSE-1687x1108px-14-18x12.png 18w\" sizes=\"auto, (max-width: 600px) 100vw, 600px\" \/><\/div>\t<div class=\"info\">\n\t\t\t\t<span class=\"date\">03 Mar 2026<\/span>\n\t\t<h2 class=\"title\"><span>Apuramento de Vagas<\/span><\/h2>\t\t\t\t\t<div class=\"c-description\">\n\t\t\t\t<p>Encontra-se dispon\u00edvel, at\u00e9 \u00e0s 23:59\u00a0horas de ter\u00e7a-feira do dia 10\u00a0de mar\u00e7o de 2026 (hora de Portugal continental), a aplica\u00e7\u00e3o inform\u00e1tica Apuramento de Vagas, destinada \u00e0 recolha das necessidades permanentes dos AE\/EnA. SIGRHE \u2013 Apuramento de Vagas 2026\/2027<\/p>\t\t\t<\/div>\n\t\t\t\t\t\t<div class=\"btn-wrapper\"><a href=\"https:\/\/agse.pt\/en\/apuramento-de-vagas\/\" class=\"c-icon-button\" title=\"Ir para Apuramento de Vagas\"><i class=\"icon-material\" aria-hidden=\"true\" data-icon=\"arrow_forward\"><\/i><\/a><\/div>\n\t<\/div>\n<\/div>\n\t\t\t\t\t\t\t\t\t\t\t<\/div>\n\t\t\t\t<\/div>\n\t\t\t\n\t\t<\/section>\n\t\n","protected":false},"excerpt":{"rendered":"","protected":false},"author":3,"featured_media":0,"parent":0,"menu_order":0,"comment_status":"closed","ping_status":"closed","template":"","meta":{"_acf_changed":false,"footnotes":""},"class_list":["post-3755","page","type-page","status-publish","hentry"],"acf":[],"yoast_head":"<!-- This site is optimized with the Yoast SEO plugin v27.3 - https:\/\/yoast.com\/product\/yoast-seo-wordpress\/ -->\n<title>Concurso Nacional 2026\/2027 - AGSE<\/title>\n<meta name=\"robots\" content=\"index, follow, max-snippet:-1, max-image-preview:large, max-video-preview:-1\" \/>\n<link rel=\"canonical\" href=\"https:\/\/agse.pt\/en\/concurso-nacional-2026-2027\/\" \/>\n<meta property=\"og:locale\" content=\"en_GB\" \/>\n<meta property=\"og:type\" content=\"article\" \/>\n<meta property=\"og:title\" content=\"Concurso Nacional 2026\/2027 - AGSE\" \/>\n<meta property=\"og:url\" content=\"https:\/\/agse.pt\/en\/concurso-nacional-2026-2027\/\" \/>\n<meta property=\"og:site_name\" content=\"AGSE\" \/>\n<meta property=\"article:modified_time\" content=\"2026-04-14T09:13:57+00:00\" \/>\n<meta name=\"twitter:card\" content=\"summary_large_image\" \/>\n<script type=\"application\/ld+json\" class=\"yoast-schema-graph\">{\"@context\":\"https:\\\/\\\/schema.org\",\"@graph\":[{\"@type\":\"WebPage\",\"@id\":\"https:\\\/\\\/agse.pt\\\/concurso-nacional-2026-2027\\\/\",\"url\":\"https:\\\/\\\/agse.pt\\\/concurso-nacional-2026-2027\\\/\",\"name\":\"Concurso Nacional 2026\\\/2027 - AGSE\",\"isPartOf\":{\"@id\":\"https:\\\/\\\/site1.dev.fccn.pt\\\/#website\"},\"datePublished\":\"2026-03-03T19:13:19+00:00\",\"dateModified\":\"2026-04-14T09:13:57+00:00\",\"breadcrumb\":{\"@id\":\"https:\\\/\\\/agse.pt\\\/concurso-nacional-2026-2027\\\/#breadcrumb\"},\"inLanguage\":\"en-GB\",\"potentialAction\":[{\"@type\":\"ReadAction\",\"target\":[\"https:\\\/\\\/agse.pt\\\/concurso-nacional-2026-2027\\\/\"]}]},{\"@type\":\"BreadcrumbList\",\"@id\":\"https:\\\/\\\/agse.pt\\\/concurso-nacional-2026-2027\\\/#breadcrumb\",\"itemListElement\":[{\"@type\":\"ListItem\",\"position\":1,\"name\":\"Home\",\"item\":\"https:\\\/\\\/agse.pt\\\/\"},{\"@type\":\"ListItem\",\"position\":2,\"name\":\"Concurso Nacional 2026\\\/2027\"}]},{\"@type\":\"WebSite\",\"@id\":\"https:\\\/\\\/site1.dev.fccn.pt\\\/#website\",\"url\":\"https:\\\/\\\/site1.dev.fccn.pt\\\/\",\"name\":\"AGSE\",\"description\":\"Ag\u00eancia para a Gest\u00e3o do Sistema Educativo\",\"potentialAction\":[{\"@type\":\"SearchAction\",\"target\":{\"@type\":\"EntryPoint\",\"urlTemplate\":\"https:\\\/\\\/site1.dev.fccn.pt\\\/?s={search_term_string}\"},\"query-input\":{\"@type\":\"PropertyValueSpecification\",\"valueRequired\":true,\"valueName\":\"search_term_string\"}}],\"inLanguage\":\"en-GB\"}]}<\/script>\n<!-- \/ Yoast SEO plugin. -->","yoast_head_json":{"title":"National Competition 2026\/2027 - AGSE","robots":{"index":"index","follow":"follow","max-snippet":"max-snippet:-1","max-image-preview":"max-image-preview:large","max-video-preview":"max-video-preview:-1"},"canonical":"https:\/\/agse.pt\/en\/concurso-nacional-2026-2027\/","og_locale":"en_GB","og_type":"article","og_title":"Concurso Nacional 2026\/2027 - AGSE","og_url":"https:\/\/agse.pt\/en\/concurso-nacional-2026-2027\/","og_site_name":"AGSE","article_modified_time":"2026-04-14T09:13:57+00:00","twitter_card":"summary_large_image","schema":{"@context":"https:\/\/schema.org","@graph":[{"@type":"WebPage","@id":"https:\/\/agse.pt\/concurso-nacional-2026-2027\/","url":"https:\/\/agse.pt\/concurso-nacional-2026-2027\/","name":"National Competition 2026\/2027 - AGSE","isPartOf":{"@id":"https:\/\/site1.dev.fccn.pt\/#website"},"datePublished":"2026-03-03T19:13:19+00:00","dateModified":"2026-04-14T09:13:57+00:00","breadcrumb":{"@id":"https:\/\/agse.pt\/concurso-nacional-2026-2027\/#breadcrumb"},"inLanguage":"en-GB","potentialAction":[{"@type":"ReadAction","target":["https:\/\/agse.pt\/concurso-nacional-2026-2027\/"]}]},{"@type":"BreadcrumbList","@id":"https:\/\/agse.pt\/concurso-nacional-2026-2027\/#breadcrumb","itemListElement":[{"@type":"ListItem","position":1,"name":"Home","item":"https:\/\/agse.pt\/"},{"@type":"ListItem","position":2,"name":"Concurso Nacional 2026\/2027"}]},{"@type":"WebSite","@id":"https:\/\/site1.dev.fccn.pt\/#website","url":"https:\/\/site1.dev.fccn.pt\/","name":"AGSE","description":"Agency for the Management of the Education System","potentialAction":[{"@type":"SearchAction","target":{"@type":"EntryPoint","urlTemplate":"https:\/\/site1.dev.fccn.pt\/?s={search_term_string}"},"query-input":{"@type":"PropertyValueSpecification","valueRequired":true,"valueName":"search_term_string"}}],"inLanguage":"en-GB"}]}},"_links":{"self":[{"href":"https:\/\/agse.pt\/en\/wp-json\/wp\/v2\/pages\/3755","targetHints":{"allow":["GET"]}}],"collection":[{"href":"https:\/\/agse.pt\/en\/wp-json\/wp\/v2\/pages"}],"about":[{"href":"https:\/\/agse.pt\/en\/wp-json\/wp\/v2\/types\/page"}],"author":[{"embeddable":true,"href":"https:\/\/agse.pt\/en\/wp-json\/wp\/v2\/users\/3"}],"replies":[{"embeddable":true,"href":"https:\/\/agse.pt\/en\/wp-json\/wp\/v2\/comments?post=3755"}],"version-history":[{"count":5,"href":"https:\/\/agse.pt\/en\/wp-json\/wp\/v2\/pages\/3755\/revisions"}],"predecessor-version":[{"id":5181,"href":"https:\/\/agse.pt\/en\/wp-json\/wp\/v2\/pages\/3755\/revisions\/5181"}],"wp:attachment":[{"href":"https:\/\/agse.pt\/en\/wp-json\/wp\/v2\/media?parent=3755"}],"curies":[{"name":"wp","href":"https:\/\/api.w.org\/{rel}","templated":true}]}}